{"id":3048,"date":"2026-01-22T16:16:55","date_gmt":"2026-01-22T16:16:55","guid":{"rendered":"https:\/\/santairenewines.com\/?page_id=3048"},"modified":"2026-01-23T22:51:57","modified_gmt":"2026-01-23T22:51:57","slug":"refreshing-love","status":"publish","type":"page","link":"https:\/\/santairenewines.com\/index.php\/refreshing-love\/","title":{"rendered":"REFRESHING LOVE"},"content":{"rendered":"<div  class=\"tatsu-i9jzonmv9c1fze6l tatsu-section  tatsu-bg-overlay   tatsu-clearfix\" data-title=\"\"  data-headerscheme=\"background--dark\"><div class='tatsu-section-pad clearfix' data-padding='{\"d\":\"90px 0px 90px 0px\"}' data-padding-top='90px'><div class=\"tatsu-row-wrap  tatsu-wrap tatsu-row-has-two-cols tatsu-medium-gutter tatsu-reg-cols  tatsu-clearfix tatsu-i9jzonmvbh6oov9q\" ><div  class=\"tatsu-row \" ><div  class=\"tatsu-column  tatsu-bg-overlay tatsu-one-third tatsu-column-image-none tatsu-column-effect-none  tatsu-i9jzonmvfjgalzy4\"  data-parallax-speed=\"0\" style=\"\"><div class=\"tatsu-column-inner \" ><div class=\"tatsu-column-pad-wrap\"><div class=\"tatsu-column-pad\" ><div  class=\"tatsu-module tatsu-inline-text clearfix tatsu-i9jzonmvhg8msvh9   \" ><style>.tatsu-i9jzonmvhg8msvh9 .tatsu-inline-text-inner{width: 100%;text-align: left;}@media only screen and (max-width: 767px) {.tatsu-i9jzonmvhg8msvh9 .tatsu-inline-text-inner{width: 100%;}}<\/style><div class=\"tatsu-inline-text-inner tatsu-align-center\">\n<h2>REFRESHING LOVE<\/h2>\n<\/div><\/div><div  class=\"tatsu-module tatsu-text-block-wrap tatsu-i9jzonmvm4aistk5  \"><div class=\"tatsu-text-inner tatsu-align-center  clearfix\" ><style>.tatsu-i9jzonmvm4aistk5.tatsu-text-block-wrap .tatsu-text-inner{width: 100%;text-align: left;}<\/style>\n<p>Su estilo <strong>se caracteriza por colores vibrantes, formas l\u00fadicas y una energ\u00eda que transforma<\/strong> lo cotidiano en una experiencia art\u00edstica, tal como lo hace Refreshing Love. <\/p>\n<p>Esta bebida, con su mezcla de v<strong>ino blanco, ar\u00e1ndanos, manzana verde y burbujas<\/strong>, reeja la esencia de Renate: alegre, expresiva y sin miedo a destacar.<\/p>\n<\/div><\/div><\/div><\/div><div class = \"tatsu-column-bg-image-wrap\"><div class = \"tatsu-column-bg-image\" ><\/div><\/div><div class=\"tatsu-overlay tatsu-column-overlay tatsu-animate-none\" ><\/div><\/div><style>.tatsu-row > .tatsu-i9jzonmvfjgalzy4.tatsu-column{width: 33.33%;}.tatsu-i9jzonmvfjgalzy4.tatsu-column > .tatsu-column-inner > .tatsu-column-overlay{mix-blend-mode: normal;}.tatsu-i9jzonmvfjgalzy4 > .tatsu-column-inner > .tatsu-top-divider{z-index: 9999;}.tatsu-i9jzonmvfjgalzy4 > .tatsu-column-inner > .tatsu-bottom-divider{z-index: 9999;}.tatsu-i9jzonmvfjgalzy4 > .tatsu-column-inner > .tatsu-left-divider{z-index: 9999;}.tatsu-i9jzonmvfjgalzy4 > .tatsu-column-inner > .tatsu-right-divider{z-index: 9999;}@media only screen and (max-width:1377px) {.tatsu-row > .tatsu-i9jzonmvfjgalzy4.tatsu-column{width: 33.33%;}}@media only screen and (min-width:768px) and (max-width: 1024px) {.tatsu-row > .tatsu-i9jzonmvfjgalzy4.tatsu-column{width: 33.33%;}}@media only screen and (max-width: 767px) {.tatsu-row > .tatsu-i9jzonmvfjgalzy4.tatsu-column{width: 100%;}}<\/style><\/div><div  class=\"tatsu-column  tatsu-bg-overlay tatsu-two-third tatsu-column-image-none tatsu-column-effect-none  tatsu-i9jzonmvow24k47d\"  data-parallax-speed=\"0\" style=\"\"><div class=\"tatsu-column-inner \" ><div class=\"tatsu-column-pad-wrap\"><div class=\"tatsu-column-pad\" ><div  class=\"tatsu-single-image tatsu-module tatsu-image-lazyload tatsu-i9jzonmw7e7i7yg4  \" ><div class=\"tatsu-single-image-inner \" style=\"width : 2560px;\" ><div class = \"tatsu-single-image-padding-wrap\" style = \"padding-bottom : 66.71875%;\" ><\/div><img class = \"tatsu-gradient-border\" alt = \"\" title = \"RL WEB 01\" data-src = \"https:\/\/santairenewines.com\/wp-content\/uploads\/2026\/01\/RL-WEB-01-scaled.png\" src =\"data:image\/png;base64,iVBORw0KGgoAAAANSUhEUgAAAAEAAAABCAQAAAC1HAwCAAAAC0lEQVR42mNkYAAAAAYAAjCB0C8AAAAASUVORK5CYII=\"  \/><\/div><style>.tatsu-i9jzonmw7e7i7yg4 .tatsu-single-image-inner{border-style: solid;max-width: 100%;}.tatsu-i9jzonmw7e7i7yg4.tatsu-single-image{transform: translate3d(0px,0px, 0);}<\/style><\/div><\/div><\/div><div class = \"tatsu-column-bg-image-wrap\"><div class = \"tatsu-column-bg-image\" ><\/div><\/div><div class=\"tatsu-overlay tatsu-column-overlay tatsu-animate-none\" ><\/div><\/div><style>.tatsu-row > .tatsu-i9jzonmvow24k47d.tatsu-column{width: 66.67%;}.tatsu-i9jzonmvow24k47d.tatsu-column > .tatsu-column-inner > .tatsu-column-overlay{mix-blend-mode: normal;}.tatsu-i9jzonmvow24k47d > .tatsu-column-inner > .tatsu-top-divider{z-index: 9999;}.tatsu-i9jzonmvow24k47d > .tatsu-column-inner > .tatsu-bottom-divider{z-index: 9999;}.tatsu-i9jzonmvow24k47d > .tatsu-column-inner > .tatsu-left-divider{z-index: 9999;}.tatsu-i9jzonmvow24k47d > .tatsu-column-inner > .tatsu-right-divider{z-index: 9999;}@media only screen and (max-width:1377px) {.tatsu-row > .tatsu-i9jzonmvow24k47d.tatsu-column{width: 66.67%;}}@media only screen and (min-width:768px) and (max-width: 1024px) {.tatsu-row > .tatsu-i9jzonmvow24k47d.tatsu-column{width: 66.67%;}}@media only screen and (max-width: 767px) {.tatsu-row > .tatsu-i9jzonmvow24k47d.tatsu-column{width: 100%;}}<\/style><\/div><\/div><\/div><\/div><div class=\"tatsu-section-background-wrap\"><div class = \"tatsu-section-background\" ><\/div><\/div><div class=\"tatsu-overlay tatsu-section-overlay\"><\/div><style>.tatsu-i9jzonmv9c1fze6l .tatsu-section-pad{padding: 90px 0px 90px 0px;}.tatsu-i9jzonmv9c1fze6l .tatsu-section-offset-wrap{transform: translateY(-0px);}.tatsu-i9jzonmv9c1fze6l > .tatsu-bottom-divider{z-index: 9999;}.tatsu-i9jzonmv9c1fze6l > .tatsu-top-divider{z-index: 9999;}.tatsu-i9jzonmv9c1fze6l .tatsu-section-overlay{mix-blend-mode: normal;}<\/style><\/div><div  class=\"tatsu-i9jzq1j83j16u62v tatsu-section  tatsu-bg-overlay   tatsu-clearfix\" data-title=\"\"  data-headerscheme=\"background--dark\"><div class='tatsu-section-pad clearfix' data-padding='{\"d\":\"90px 0px 90px 0px\"}' data-padding-top='90px'><div class=\"tatsu-row-wrap  tatsu-wrap tatsu-row-has-two-cols tatsu-medium-gutter tatsu-reg-cols  tatsu-clearfix tatsu-i9jzq1j85h6iafax\" ><div  class=\"tatsu-row \" ><div  class=\"tatsu-column  tatsu-bg-overlay tatsu-two-third tatsu-column-image-none tatsu-column-effect-none  tatsu-i9jzq1j88dew9ce1\"  data-parallax-speed=\"0\" style=\"\"><div class=\"tatsu-column-inner \" ><div class=\"tatsu-column-pad-wrap\"><div class=\"tatsu-column-pad\" ><div  class=\"tatsu-single-image tatsu-module tatsu-image-lazyload tatsu-i9jzq1j8py8jqxtp  \" ><div class=\"tatsu-single-image-inner \" style=\"width : 2087px;\" ><div class = \"tatsu-single-image-padding-wrap\" style = \"padding-bottom : 113.27264015333%;\" ><\/div><img class = \"tatsu-gradient-border\" alt = \"\" title = \"RL WEB 03\" data-src = \"https:\/\/santairenewines.com\/wp-content\/uploads\/2026\/01\/RL-WEB-03.png\" src =\"data:image\/png;base64,iVBORw0KGgoAAAANSUhEUgAAAAEAAAABCAQAAAC1HAwCAAAAC0lEQVR42mNkYAAAAAYAAjCB0C8AAAAASUVORK5CYII=\"  \/><\/div><style>.tatsu-i9jzq1j8py8jqxtp .tatsu-single-image-inner{border-style: solid;max-width: 100%;}.tatsu-i9jzq1j8py8jqxtp.tatsu-single-image{transform: translate3d(0px,0px, 0);}<\/style><\/div><\/div><\/div><div class = \"tatsu-column-bg-image-wrap\"><div class = \"tatsu-column-bg-image\" ><\/div><\/div><div class=\"tatsu-overlay tatsu-column-overlay tatsu-animate-none\" ><\/div><\/div><style>.tatsu-row > .tatsu-i9jzq1j88dew9ce1.tatsu-column{width: 66.67%;}.tatsu-i9jzq1j88dew9ce1.tatsu-column > .tatsu-column-inner > .tatsu-column-overlay{mix-blend-mode: normal;}.tatsu-i9jzq1j88dew9ce1 > .tatsu-column-inner > .tatsu-top-divider{z-index: 9999;}.tatsu-i9jzq1j88dew9ce1 > .tatsu-column-inner > .tatsu-bottom-divider{z-index: 9999;}.tatsu-i9jzq1j88dew9ce1 > .tatsu-column-inner > .tatsu-left-divider{z-index: 9999;}.tatsu-i9jzq1j88dew9ce1 > .tatsu-column-inner > .tatsu-right-divider{z-index: 9999;}@media only screen and (max-width:1377px) {.tatsu-row > .tatsu-i9jzq1j88dew9ce1.tatsu-column{width: 66.67%;}}@media only screen and (min-width:768px) and (max-width: 1024px) {.tatsu-row > .tatsu-i9jzq1j88dew9ce1.tatsu-column{width: 66.67%;}}@media only screen and (max-width: 767px) {.tatsu-row > .tatsu-i9jzq1j88dew9ce1.tatsu-column{width: 100%;}}<\/style><\/div><div  class=\"tatsu-column  tatsu-bg-overlay tatsu-one-third tatsu-column-image-none tatsu-column-effect-none  tatsu-i9jzq1j8s1dm8e0e\"  data-parallax-speed=\"0\" style=\"\"><div class=\"tatsu-column-inner \" ><div class=\"tatsu-column-pad-wrap\"><div class=\"tatsu-column-pad\" ><div  class=\"tatsu-module tatsu-text-block-wrap tatsu-i9jzq1j8tmdoqa0u  \"><div class=\"tatsu-text-inner tatsu-align-center  clearfix\" ><style>.tatsu-i9jzq1j8tmdoqa0u.tatsu-text-block-wrap .tatsu-text-inner{width: 100%;text-align: left;}<\/style>\n<p>Cada sorbo es como una <strong>pincelada de sabor y color,<\/strong> pensada para quienes disfrutan de los momentos con creatividad y pasi\u00f3n.<\/p>\n<p><strong>Sabores frescos, burbujas y alegr\u00eda<\/strong>. Refreshing Love es un espumante frutal, dise\u00f1ado con todos los colores y estilo de la artista Renate Neumann.<\/p>\n<\/div><\/div><\/div><\/div><div class = \"tatsu-column-bg-image-wrap\"><div class = \"tatsu-column-bg-image\" ><\/div><\/div><div class=\"tatsu-overlay tatsu-column-overlay tatsu-animate-none\" ><\/div><\/div><style>.tatsu-row > .tatsu-i9jzq1j8s1dm8e0e.tatsu-column{width: 33.33%;}.tatsu-i9jzq1j8s1dm8e0e.tatsu-column > .tatsu-column-inner > .tatsu-column-overlay{mix-blend-mode: normal;}.tatsu-i9jzq1j8s1dm8e0e > .tatsu-column-inner > .tatsu-top-divider{z-index: 9999;}.tatsu-i9jzq1j8s1dm8e0e > .tatsu-column-inner > .tatsu-bottom-divider{z-index: 9999;}.tatsu-i9jzq1j8s1dm8e0e > .tatsu-column-inner > .tatsu-left-divider{z-index: 9999;}.tatsu-i9jzq1j8s1dm8e0e > .tatsu-column-inner > .tatsu-right-divider{z-index: 9999;}@media only screen and (max-width:1377px) {.tatsu-row > .tatsu-i9jzq1j8s1dm8e0e.tatsu-column{width: 33.33%;}}@media only screen and (min-width:768px) and (max-width: 1024px) {.tatsu-row > .tatsu-i9jzq1j8s1dm8e0e.tatsu-column{width: 33.33%;}}@media only screen and (max-width: 767px) {.tatsu-row > .tatsu-i9jzq1j8s1dm8e0e.tatsu-column{width: 100%;}}<\/style><\/div><\/div><\/div><\/div><div class=\"tatsu-section-background-wrap\"><div class = \"tatsu-section-background\" ><\/div><\/div><div class=\"tatsu-overlay tatsu-section-overlay\"><\/div><style>.tatsu-i9jzq1j83j16u62v .tatsu-section-pad{padding: 90px 0px 90px 0px;}.tatsu-i9jzq1j83j16u62v .tatsu-section-offset-wrap{transform: translateY(-0px);}.tatsu-i9jzq1j83j16u62v > .tatsu-bottom-divider{z-index: 9999;}.tatsu-i9jzq1j83j16u62v > .tatsu-top-divider{z-index: 9999;}.tatsu-i9jzq1j83j16u62v .tatsu-section-overlay{mix-blend-mode: normal;}<\/style><\/div><div  class=\"tatsu-i9jzq7ma935ioxp2 tatsu-section  tatsu-bg-overlay   tatsu-clearfix\" data-title=\"\"  data-headerscheme=\"background--dark\"><div class='tatsu-section-pad clearfix' data-padding='{\"d\":\"90px 0px 90px 0px\"}' data-padding-top='90px'><div class=\"tatsu-row-wrap  tatsu-wrap tatsu-row-has-two-cols tatsu-medium-gutter tatsu-reg-cols  tatsu-clearfix tatsu-i9jzq7mabb4s8vjh\" ><div  class=\"tatsu-row \" ><div  class=\"tatsu-column  tatsu-bg-overlay tatsu-one-third tatsu-column-image-none tatsu-column-effect-none  tatsu-i9jzq7maepg82fz1\"  data-parallax-speed=\"0\" style=\"\"><div class=\"tatsu-column-inner \" ><div class=\"tatsu-column-pad-wrap\"><div class=\"tatsu-column-pad\" ><div  class=\"tatsu-module tatsu-text-block-wrap tatsu-i9jzq7magj5ox2sw  \"><div class=\"tatsu-text-inner tatsu-align-center  clearfix\" ><style>.tatsu-i9jzq7magj5ox2sw.tatsu-text-block-wrap .tatsu-text-inner{width: 100%;text-align: left;}<\/style>\n<p><strong>Renate Neumann<\/strong> es una artista chilena, nacida en Puerto Varas, en la Patagonia, descendiente de colonos alemanes de mucho esfuerzo y coraje.<\/p>\n<p>Renate <strong>es conocida por sus cuadros,<\/strong><br \/><strong>grabados, esculturas, murales y sobre todo, por sus intervenciones a objetos, como autos, sillas, etc.,<\/strong> lo que la ha llevado a exponer en ciudades como Amsterdam y Nueva York.<\/p>\n<\/div><\/div><\/div><\/div><div class = \"tatsu-column-bg-image-wrap\"><div class = \"tatsu-column-bg-image\" ><\/div><\/div><div class=\"tatsu-overlay tatsu-column-overlay tatsu-animate-none\" ><\/div><\/div><style>.tatsu-row > .tatsu-i9jzq7maepg82fz1.tatsu-column{width: 33.33%;}.tatsu-i9jzq7maepg82fz1.tatsu-column > .tatsu-column-inner > .tatsu-column-overlay{mix-blend-mode: normal;}.tatsu-i9jzq7maepg82fz1 > .tatsu-column-inner > .tatsu-top-divider{z-index: 9999;}.tatsu-i9jzq7maepg82fz1 > .tatsu-column-inner > .tatsu-bottom-divider{z-index: 9999;}.tatsu-i9jzq7maepg82fz1 > .tatsu-column-inner > .tatsu-left-divider{z-index: 9999;}.tatsu-i9jzq7maepg82fz1 > .tatsu-column-inner > .tatsu-right-divider{z-index: 9999;}@media only screen and (max-width:1377px) {.tatsu-row > .tatsu-i9jzq7maepg82fz1.tatsu-column{width: 33.33%;}}@media only screen and (min-width:768px) and (max-width: 1024px) {.tatsu-row > .tatsu-i9jzq7maepg82fz1.tatsu-column{width: 33.33%;}}@media only screen and (max-width: 767px) {.tatsu-row > .tatsu-i9jzq7maepg82fz1.tatsu-column{width: 100%;}}<\/style><\/div><div  class=\"tatsu-column  tatsu-bg-overlay tatsu-two-third tatsu-column-image-none tatsu-column-effect-none  tatsu-i9jzq7manlcbjdy6\"  data-parallax-speed=\"0\" style=\"\"><div class=\"tatsu-column-inner \" ><div class=\"tatsu-column-pad-wrap\"><div class=\"tatsu-column-pad\" ><div  class=\"tatsu-single-image tatsu-module tatsu-image-lazyload tatsu-i9jzq7mgug7rwwk  \" ><div class=\"tatsu-single-image-inner \" style=\"width : 2087px;\" ><div class = \"tatsu-single-image-padding-wrap\" style = \"padding-bottom : 113.22472448491%;\" ><\/div><img class = \"tatsu-gradient-border\" alt = \"\" title = \"RL WEB 02_1\" data-src = \"https:\/\/santairenewines.com\/wp-content\/uploads\/2026\/01\/RL-WEB-02_1.png\" src =\"data:image\/png;base64,iVBORw0KGgoAAAANSUhEUgAAAAEAAAABCAQAAAC1HAwCAAAAC0lEQVR42mNkYAAAAAYAAjCB0C8AAAAASUVORK5CYII=\"  \/><\/div><style>.tatsu-i9jzq7mgug7rwwk .tatsu-single-image-inner{border-style: solid;max-width: 100%;}.tatsu-i9jzq7mgug7rwwk.tatsu-single-image{transform: translate3d(0px,0px, 0);}<\/style><\/div><\/div><\/div><div class = \"tatsu-column-bg-image-wrap\"><div class = \"tatsu-column-bg-image\" ><\/div><\/div><div class=\"tatsu-overlay tatsu-column-overlay tatsu-animate-none\" ><\/div><\/div><style>.tatsu-row > .tatsu-i9jzq7manlcbjdy6.tatsu-column{width: 66.67%;}.tatsu-i9jzq7manlcbjdy6.tatsu-column > .tatsu-column-inner > .tatsu-column-overlay{mix-blend-mode: normal;}.tatsu-i9jzq7manlcbjdy6 > .tatsu-column-inner > .tatsu-top-divider{z-index: 9999;}.tatsu-i9jzq7manlcbjdy6 > .tatsu-column-inner > .tatsu-bottom-divider{z-index: 9999;}.tatsu-i9jzq7manlcbjdy6 > .tatsu-column-inner > .tatsu-left-divider{z-index: 9999;}.tatsu-i9jzq7manlcbjdy6 > .tatsu-column-inner > .tatsu-right-divider{z-index: 9999;}@media only screen and (max-width:1377px) {.tatsu-row > .tatsu-i9jzq7manlcbjdy6.tatsu-column{width: 66.67%;}}@media only screen and (min-width:768px) and (max-width: 1024px) {.tatsu-row > .tatsu-i9jzq7manlcbjdy6.tatsu-column{width: 66.67%;}}@media only screen and (max-width: 767px) {.tatsu-row > .tatsu-i9jzq7manlcbjdy6.tatsu-column{width: 100%;}}<\/style><\/div><\/div><\/div><\/div><div class=\"tatsu-section-background-wrap\"><div class = \"tatsu-section-background\" ><\/div><\/div><div class=\"tatsu-overlay tatsu-section-overlay\"><\/div><style>.tatsu-i9jzq7ma935ioxp2 .tatsu-section-pad{padding: 90px 0px 90px 0px;}.tatsu-i9jzq7ma935ioxp2 .tatsu-section-offset-wrap{transform: translateY(-0px);}.tatsu-i9jzq7ma935ioxp2 > .tatsu-bottom-divider{z-index: 9999;}.tatsu-i9jzq7ma935ioxp2 > .tatsu-top-divider{z-index: 9999;}.tatsu-i9jzq7ma935ioxp2 .tatsu-section-overlay{mix-blend-mode: normal;}<\/style><\/div><div  class=\"tatsu-i9jzqk7ssi9t0jwq tatsu-section    tatsu-clearfix\" data-title=\"\"  data-headerscheme=\"background--dark\"><div class='tatsu-section-pad clearfix' data-padding='{\"d\":\"90px 0px 89px 0px\"}' data-padding-top='90px'><div class=\"tatsu-row-wrap  tatsu-wrap tatsu-row-one-col tatsu-row-has-one-cols tatsu-medium-gutter tatsu-reg-cols  tatsu-clearfix tatsu-i9jzqk7sv33m6v4s\" ><div  class=\"tatsu-row \" ><div  class=\"tatsu-column  tatsu-column-no-bg tatsu-one-col tatsu-column-image-none tatsu-column-effect-none  tatsu-i9jzqk7sxhdhrj0s\"  data-parallax-speed=\"0\" style=\"\"><div class=\"tatsu-column-inner \" ><div class=\"tatsu-column-pad-wrap\"><div class=\"tatsu-column-pad\" ><div  class=\"tatsu-module tatsu-inline-text clearfix tatsu-i9jzqk7syz94pwl7   \" ><style>.tatsu-i9jzqk7syz94pwl7 .tatsu-inline-text-inner{width: 100%;text-align: left;}@media only screen and (max-width: 767px) {.tatsu-i9jzqk7syz94pwl7 .tatsu-inline-text-inner{width: 100%;}}<\/style><div class=\"tatsu-inline-text-inner tatsu-align-center\">\n<h3 style=\"text-align: center;\"><span class=\"h4 \" style=\"color: #ffffff;\">Siempre hacemos m\u00e1s para usar menos.<\/span><\/h3>\n<\/div><\/div><div  class=\"tatsu-module tatsu-inline-text clearfix tatsu-i9jzqk7t3dg9a6t7   \" ><style>.tatsu-i9jzqk7t3dg9a6t7 .tatsu-inline-text-inner{width: 70%;text-align: left;}<\/style><div class=\"tatsu-inline-text-inner tatsu-align-center\">\n<h5 style=\"text-align: center;\"><span style=\"color: #ffffff;\">Y, por supuesto, nuestro packaging tambi\u00e9n est\u00e1 dise\u00f1ado para reducir residuos: usamos menos vidrio en nuestras botellas, selladas con corcho natural, y ponemos mayor foco en los vinos excepcionales y sustentables que contienen.<\/span><\/h5>\n<\/div><\/div><\/div><\/div><div class = \"tatsu-column-bg-image-wrap\"><div class = \"tatsu-column-bg-image\" ><\/div><\/div><\/div><style>.tatsu-row > .tatsu-i9jzqk7sxhdhrj0s.tatsu-column{width: 100%;}.tatsu-i9jzqk7sxhdhrj0s.tatsu-column > .tatsu-column-inner > .tatsu-column-overlay{mix-blend-mode: none;}.tatsu-i9jzqk7sxhdhrj0s > .tatsu-column-inner > .tatsu-top-divider{z-index: 9999;}.tatsu-i9jzqk7sxhdhrj0s > .tatsu-column-inner > .tatsu-bottom-divider{z-index: 9999;}.tatsu-i9jzqk7sxhdhrj0s > .tatsu-column-inner > .tatsu-left-divider{z-index: 9999;}.tatsu-i9jzqk7sxhdhrj0s > .tatsu-column-inner > .tatsu-right-divider{z-index: 9999;}<\/style><\/div><\/div><\/div><\/div><div class=\"tatsu-section-background-wrap\"><div class = \"tatsu-section-background\" ><\/div><\/div><style>.tatsu-i9jzqk7ssi9t0jwq.tatsu-section{background-color: rgba(49,49,49,1);}.tatsu-i9jzqk7ssi9t0jwq .tatsu-section-pad{padding: 90px 0px 89px 0px;}.tatsu-i9jzqk7ssi9t0jwq > .tatsu-bottom-divider{z-index: 9999;}.tatsu-i9jzqk7ssi9t0jwq > .tatsu-top-divider{z-index: 9999;}<\/style><\/div><div  class=\"tatsu-i9jzrcwld14bxt47 tatsu-section  tatsu-bg-overlay   tatsu-clearfix\" data-title=\"\"  data-headerscheme=\"background--dark\"><div class='tatsu-section-pad clearfix' data-padding='{\"d\":\"90px 0px 90px 0px\"}' data-padding-top='90px'><div class=\"tatsu-row-wrap  tatsu-wrap tatsu-row-one-col tatsu-row-has-one-cols tatsu-medium-gutter tatsu-reg-cols  tatsu-clearfix tatsu-i9jzrcwlfxbv4ze9\" ><div  class=\"tatsu-row \" ><div  class=\"tatsu-column  tatsu-bg-overlay tatsu-one-col tatsu-column-image-none tatsu-column-effect-none  tatsu-i9jzrcwljy2iejzd\"  data-parallax-speed=\"0\" style=\"\"><div class=\"tatsu-column-inner \" ><div class=\"tatsu-column-pad-wrap\"><div class=\"tatsu-column-pad\" ><div  class=\"tatsu-single-image tatsu-module tatsu-image-lazyload tatsu-i9jzrcwmcy29b4o2  \" ><div class=\"tatsu-single-image-inner \" style=\"width : 2560px;\" ><div class = \"tatsu-single-image-padding-wrap\" style = \"padding-bottom : 66.6796875%;\" ><\/div><img class = \"tatsu-gradient-border\" alt = \"\" title = \"RL WEB 06\" data-src = \"https:\/\/santairenewines.com\/wp-content\/uploads\/2026\/01\/RL-WEB-06-scaled.png\" src =\"data:image\/png;base64,iVBORw0KGgoAAAANSUhEUgAAAAEAAAABCAQAAAC1HAwCAAAAC0lEQVR42mNkYAAAAAYAAjCB0C8AAAAASUVORK5CYII=\"  \/><\/div><style>.tatsu-i9jzrcwmcy29b4o2 .tatsu-single-image-inner{border-style: solid;max-width: 100%;}.tatsu-i9jzrcwmcy29b4o2.tatsu-single-image{transform: translate3d(0px,0px, 0);}<\/style><\/div><\/div><\/div><div class = \"tatsu-column-bg-image-wrap\"><div class = \"tatsu-column-bg-image\" ><\/div><\/div><div class=\"tatsu-overlay tatsu-column-overlay tatsu-animate-none\" ><\/div><\/div><style>.tatsu-row > .tatsu-i9jzrcwljy2iejzd.tatsu-column{width: 100%;}.tatsu-i9jzrcwljy2iejzd.tatsu-column > .tatsu-column-inner > .tatsu-column-overlay{mix-blend-mode: normal;}.tatsu-i9jzrcwljy2iejzd > .tatsu-column-inner > .tatsu-top-divider{z-index: 9999;}.tatsu-i9jzrcwljy2iejzd > .tatsu-column-inner > .tatsu-bottom-divider{z-index: 9999;}.tatsu-i9jzrcwljy2iejzd > .tatsu-column-inner > .tatsu-left-divider{z-index: 9999;}.tatsu-i9jzrcwljy2iejzd > .tatsu-column-inner > .tatsu-right-divider{z-index: 9999;}@media only screen and (max-width:1377px) {.tatsu-row > .tatsu-i9jzrcwljy2iejzd.tatsu-column{width: 100%;}}@media only screen and (min-width:768px) and (max-width: 1024px) {.tatsu-row > .tatsu-i9jzrcwljy2iejzd.tatsu-column{width: 100%;}}@media only screen and (max-width: 767px) {.tatsu-row > .tatsu-i9jzrcwljy2iejzd.tatsu-column{width: 100%;}}<\/style><\/div><\/div><\/div><\/div><div class=\"tatsu-section-background-wrap\"><div class = \"tatsu-section-background\" ><\/div><\/div><div class=\"tatsu-overlay tatsu-section-overlay\"><\/div><style>.tatsu-i9jzrcwld14bxt47 .tatsu-section-pad{padding: 90px 0px 90px 0px;}.tatsu-i9jzrcwld14bxt47 .tatsu-section-offset-wrap{transform: translateY(-0px);}.tatsu-i9jzrcwld14bxt47 > .tatsu-bottom-divider{z-index: 9999;}.tatsu-i9jzrcwld14bxt47 > .tatsu-top-divider{z-index: 9999;}.tatsu-i9jzrcwld14bxt47 .tatsu-section-overlay{mix-blend-mode: normal;}<\/style><\/div>\n","protected":false},"excerpt":{"rendered":"<p><a href=\"https:\/\/santairenewines.com\/index.php\/refreshing-love\/\" class=\"more-link style2-button\">Read More<\/a><\/p>","protected":false},"author":1,"featured_media":0,"parent":0,"menu_order":0,"comment_status":"closed","ping_status":"closed","template":"","meta":{"_acf_changed":false,"footnotes":""},"class_list":["post-3048","page","type-page","status-publish","hentry"],"acf":[],"_links":{"self":[{"href":"https:\/\/santairenewines.com\/index.php\/wp-json\/wp\/v2\/pages\/3048","targetHints":{"allow":["GET"]}}],"collection":[{"href":"https:\/\/santairenewines.com\/index.php\/wp-json\/wp\/v2\/pages"}],"about":[{"href":"https:\/\/santairenewines.com\/index.php\/wp-json\/wp\/v2\/types\/page"}],"author":[{"embeddable":true,"href":"https:\/\/santairenewines.com\/index.php\/wp-json\/wp\/v2\/users\/1"}],"replies":[{"embeddable":true,"href":"https:\/\/santairenewines.com\/index.php\/wp-json\/wp\/v2\/comments?post=3048"}],"version-history":[{"count":5,"href":"https:\/\/santairenewines.com\/index.php\/wp-json\/wp\/v2\/pages\/3048\/revisions"}],"predecessor-version":[{"id":3159,"href":"https:\/\/santairenewines.com\/index.php\/wp-json\/wp\/v2\/pages\/3048\/revisions\/3159"}],"wp:attachment":[{"href":"https:\/\/santairenewines.com\/index.php\/wp-json\/wp\/v2\/media?parent=3048"}],"curies":[{"name":"wp","href":"https:\/\/api.w.org\/{rel}","templated":true}]}}