{"id":3047,"date":"2026-01-22T16:24:56","date_gmt":"2026-01-22T16:24:56","guid":{"rendered":"https:\/\/santairenewines.com\/?page_id=3047"},"modified":"2026-01-23T22:36:49","modified_gmt":"2026-01-23T22:36:49","slug":"ola-po","status":"publish","type":"page","link":"https:\/\/santairenewines.com\/index.php\/ola-po\/","title":{"rendered":"OLA PO"},"content":{"rendered":"<div  class=\"tatsu-i9jzmv2e81b3hjfn tatsu-section  tatsu-bg-overlay   tatsu-clearfix\" data-title=\"\"  data-headerscheme=\"background--dark\"><div class='tatsu-section-pad clearfix' data-padding='{\"d\":\"90px 0px 90px 0px\"}' data-padding-top='90px'><div class=\"tatsu-row-wrap  tatsu-wrap tatsu-row-has-two-cols tatsu-medium-gutter tatsu-reg-cols  tatsu-clearfix tatsu-i9jzmv2egec0s4qk\" ><div  class=\"tatsu-row \" ><div  class=\"tatsu-column  tatsu-bg-overlay tatsu-one-third tatsu-column-image-none tatsu-column-effect-none  tatsu-i9jzmv2eic4iowe4\"  data-parallax-speed=\"0\" style=\"\"><div class=\"tatsu-column-inner \" ><div class=\"tatsu-column-pad-wrap\"><div class=\"tatsu-column-pad\" ><div  class=\"tatsu-module tatsu-inline-text clearfix tatsu-i9jzmv2ejea1o3di   \" ><style>.tatsu-i9jzmv2ejea1o3di .tatsu-inline-text-inner{width: 100%;text-align: left;}@media only screen and (max-width: 767px) {.tatsu-i9jzmv2ejea1o3di .tatsu-inline-text-inner{width: 100%;}}<\/style><div class=\"tatsu-inline-text-inner tatsu-align-center\">\n<h1>OLA PO<\/h1>\n<\/div><\/div><div  class=\"tatsu-module tatsu-text-block-wrap tatsu-i9jzmv2enlc1g1zd  \"><div class=\"tatsu-text-inner tatsu-align-center  clearfix\" ><style>.tatsu-i9jzmv2enlc1g1zd.tatsu-text-block-wrap .tatsu-text-inner{width: 100%;text-align: left;}<\/style>\n<p><strong data-start=\"116\" data-end=\"126\">OLA po<\/strong> es la forma chilena de decir \u201chola\u201d y tambi\u00e9n nuestra manera de compartir lo mejor de Chile con el mundo. Es una <em data-start=\"240\" data-end=\"255\">wine-postcard<\/em>: vinos j\u00f3venes, frescos y naturales, creados para disfrutarse sin reglas, con quien quieras y cuando quieras.<\/p>\n<p>Desde el Valle de Curic\u00f3, entre la influencia del Pac\u00edfico y la Cordillera de los Andes, nace su car\u00e1cter aut\u00e9ntico, frutal y expresivo.<\/p>\n<\/div><\/div><\/div><\/div><div class = \"tatsu-column-bg-image-wrap\"><div class = \"tatsu-column-bg-image\" ><\/div><\/div><div class=\"tatsu-overlay tatsu-column-overlay tatsu-animate-none\" ><\/div><\/div><style>.tatsu-row > .tatsu-i9jzmv2eic4iowe4.tatsu-column{width: 33.33%;}.tatsu-i9jzmv2eic4iowe4.tatsu-column > .tatsu-column-inner > .tatsu-column-overlay{mix-blend-mode: normal;}.tatsu-i9jzmv2eic4iowe4 > .tatsu-column-inner > .tatsu-top-divider{z-index: 9999;}.tatsu-i9jzmv2eic4iowe4 > .tatsu-column-inner > .tatsu-bottom-divider{z-index: 9999;}.tatsu-i9jzmv2eic4iowe4 > .tatsu-column-inner > .tatsu-left-divider{z-index: 9999;}.tatsu-i9jzmv2eic4iowe4 > .tatsu-column-inner > .tatsu-right-divider{z-index: 9999;}@media only screen and (max-width:1377px) {.tatsu-row > .tatsu-i9jzmv2eic4iowe4.tatsu-column{width: 33.33%;}}@media only screen and (min-width:768px) and (max-width: 1024px) {.tatsu-row > .tatsu-i9jzmv2eic4iowe4.tatsu-column{width: 33.33%;}}@media only screen and (max-width: 767px) {.tatsu-row > .tatsu-i9jzmv2eic4iowe4.tatsu-column{width: 100%;}}<\/style><\/div><div  class=\"tatsu-column  tatsu-bg-overlay tatsu-two-third tatsu-column-image-none tatsu-column-effect-none  tatsu-i9jzmv2epmf6sb0k\"  data-parallax-speed=\"0\" style=\"\"><div class=\"tatsu-column-inner \" ><div class=\"tatsu-column-pad-wrap\"><div class=\"tatsu-column-pad\" ><div  class=\"tatsu-single-image tatsu-module tatsu-image-lazyload tatsu-i9jzmv2f4z9a2ys0  \" ><div class=\"tatsu-single-image-inner \" style=\"width : 851px;\" ><div class = \"tatsu-single-image-padding-wrap\" style = \"padding-bottom : 66.62749706228%;\" ><\/div><img class = \"tatsu-gradient-border\" alt = \"\" title = \"OLA-PO-WEB-1\" data-src = \"https:\/\/santairenewines.com\/wp-content\/uploads\/2026\/01\/OLA-PO-WEB-1.png\" src =\"data:image\/png;base64,iVBORw0KGgoAAAANSUhEUgAAAAEAAAABCAQAAAC1HAwCAAAAC0lEQVR42mNkYAAAAAYAAjCB0C8AAAAASUVORK5CYII=\"  \/><\/div><style>.tatsu-i9jzmv2f4z9a2ys0 .tatsu-single-image-inner{border-style: solid;max-width: 100%;}.tatsu-i9jzmv2f4z9a2ys0.tatsu-single-image{transform: translate3d(0px,0px, 0);}<\/style><\/div><\/div><\/div><div class = \"tatsu-column-bg-image-wrap\"><div class = \"tatsu-column-bg-image\" ><\/div><\/div><div class=\"tatsu-overlay tatsu-column-overlay tatsu-animate-none\" ><\/div><\/div><style>.tatsu-row > .tatsu-i9jzmv2epmf6sb0k.tatsu-column{width: 66.67%;}.tatsu-i9jzmv2epmf6sb0k.tatsu-column > .tatsu-column-inner > .tatsu-column-overlay{mix-blend-mode: normal;}.tatsu-i9jzmv2epmf6sb0k > .tatsu-column-inner > .tatsu-top-divider{z-index: 9999;}.tatsu-i9jzmv2epmf6sb0k > .tatsu-column-inner > .tatsu-bottom-divider{z-index: 9999;}.tatsu-i9jzmv2epmf6sb0k > .tatsu-column-inner > .tatsu-left-divider{z-index: 9999;}.tatsu-i9jzmv2epmf6sb0k > .tatsu-column-inner > .tatsu-right-divider{z-index: 9999;}@media only screen and (max-width:1377px) {.tatsu-row > .tatsu-i9jzmv2epmf6sb0k.tatsu-column{width: 66.67%;}}@media only screen and (min-width:768px) and (max-width: 1024px) {.tatsu-row > .tatsu-i9jzmv2epmf6sb0k.tatsu-column{width: 66.67%;}}@media only screen and (max-width: 767px) {.tatsu-row > .tatsu-i9jzmv2epmf6sb0k.tatsu-column{width: 100%;}}<\/style><\/div><\/div><\/div><\/div><div class=\"tatsu-section-background-wrap\"><div class = \"tatsu-section-background\" ><\/div><\/div><div class=\"tatsu-overlay tatsu-section-overlay\"><\/div><style>.tatsu-i9jzmv2e81b3hjfn .tatsu-section-pad{padding: 90px 0px 90px 0px;}.tatsu-i9jzmv2e81b3hjfn .tatsu-section-offset-wrap{transform: translateY(-0px);}.tatsu-i9jzmv2e81b3hjfn > .tatsu-bottom-divider{z-index: 9999;}.tatsu-i9jzmv2e81b3hjfn > .tatsu-top-divider{z-index: 9999;}.tatsu-i9jzmv2e81b3hjfn .tatsu-section-overlay{mix-blend-mode: normal;}<\/style><\/div><div  class=\"tatsu-i9jzn8famc7efqna tatsu-section  tatsu-bg-overlay   tatsu-clearfix\" data-title=\"\"  data-headerscheme=\"background--dark\"><div class='tatsu-section-pad clearfix' data-padding='{\"d\":\"90px 0px 90px 0px\"}' data-padding-top='90px'><div class=\"tatsu-row-wrap  tatsu-wrap tatsu-row-has-two-cols tatsu-medium-gutter tatsu-reg-cols  tatsu-clearfix tatsu-i9jzn8faofcw33cd\" ><div  class=\"tatsu-row \" ><div  class=\"tatsu-column  tatsu-bg-overlay tatsu-two-third tatsu-column-image-none tatsu-column-effect-none  tatsu-i9jzn8far82mgk23\"  data-parallax-speed=\"0\" style=\"\"><div class=\"tatsu-column-inner \" ><div class=\"tatsu-column-pad-wrap\"><div class=\"tatsu-column-pad\" ><div  class=\"tatsu-single-image tatsu-module tatsu-image-lazyload tatsu-i9jzn8fbevcgg985  \" ><div class=\"tatsu-single-image-inner \" style=\"width : 851px;\" ><div class = \"tatsu-single-image-padding-wrap\" style = \"padding-bottom : 66.62749706228%;\" ><\/div><img class = \"tatsu-gradient-border\" alt = \"\" title = \"OLA-PO-WEB-2\" data-src = \"https:\/\/santairenewines.com\/wp-content\/uploads\/2026\/01\/OLA-PO-WEB-2.png\" src =\"data:image\/png;base64,iVBORw0KGgoAAAANSUhEUgAAAAEAAAABCAQAAAC1HAwCAAAAC0lEQVR42mNkYAAAAAYAAjCB0C8AAAAASUVORK5CYII=\"  \/><\/div><style>.tatsu-i9jzn8fbevcgg985 .tatsu-single-image-inner{border-style: solid;max-width: 100%;}.tatsu-i9jzn8fbevcgg985.tatsu-single-image{transform: translate3d(0px,0px, 0);}<\/style><\/div><\/div><\/div><div class = \"tatsu-column-bg-image-wrap\"><div class = \"tatsu-column-bg-image\" ><\/div><\/div><div class=\"tatsu-overlay tatsu-column-overlay tatsu-animate-none\" ><\/div><\/div><style>.tatsu-row > .tatsu-i9jzn8far82mgk23.tatsu-column{width: 66.67%;}.tatsu-i9jzn8far82mgk23.tatsu-column > .tatsu-column-inner > .tatsu-column-overlay{mix-blend-mode: normal;}.tatsu-i9jzn8far82mgk23 > .tatsu-column-inner > .tatsu-top-divider{z-index: 9999;}.tatsu-i9jzn8far82mgk23 > .tatsu-column-inner > .tatsu-bottom-divider{z-index: 9999;}.tatsu-i9jzn8far82mgk23 > .tatsu-column-inner > .tatsu-left-divider{z-index: 9999;}.tatsu-i9jzn8far82mgk23 > .tatsu-column-inner > .tatsu-right-divider{z-index: 9999;}@media only screen and (max-width:1377px) {.tatsu-row > .tatsu-i9jzn8far82mgk23.tatsu-column{width: 66.67%;}}@media only screen and (min-width:768px) and (max-width: 1024px) {.tatsu-row > .tatsu-i9jzn8far82mgk23.tatsu-column{width: 66.67%;}}@media only screen and (max-width: 767px) {.tatsu-row > .tatsu-i9jzn8far82mgk23.tatsu-column{width: 100%;}}<\/style><\/div><div  class=\"tatsu-column  tatsu-bg-overlay tatsu-one-third tatsu-column-image-none tatsu-column-effect-none  tatsu-i9jzn8fbgq2s52qw\"  data-parallax-speed=\"0\" style=\"\"><div class=\"tatsu-column-inner \" ><div class=\"tatsu-column-pad-wrap\"><div class=\"tatsu-column-pad\" ><div  class=\"tatsu-module tatsu-text-block-wrap tatsu-i9jzn8fbii8x2g2s  \"><div class=\"tatsu-text-inner tatsu-align-center  clearfix\" ><style>.tatsu-i9jzn8fbii8x2g2s.tatsu-text-block-wrap .tatsu-text-inner{width: 100%;text-align: left;}<\/style>\n<h2 data-start=\"509\" data-end=\"537\">OLA po Merlot Selecci\u00f3n<\/h2>\n<p data-start=\"538\" data-end=\"928\">Proveniente del vi\u00f1edo Rauco en el Valle de Curic\u00f3, a solo 40 km del oc\u00e9ano Pac\u00edfico, <strong data-start=\"624\" data-end=\"651\">OLA po Merlot Selecci\u00f3n<\/strong> se beneficia de la brisa costera y del contraste t\u00e9rmico, logrando una maduraci\u00f3n perfecta. Presenta color p\u00farpura con aromas a frambuesa y ciruela; en boca es suave, equilibrado y de taninos amables. Ideal para carnes blancas, pastas y quesos suaves. Servir entre 16 y 18 \u00b0C.<\/p>\n<\/div><\/div><\/div><\/div><div class = \"tatsu-column-bg-image-wrap\"><div class = \"tatsu-column-bg-image\" ><\/div><\/div><div class=\"tatsu-overlay tatsu-column-overlay tatsu-animate-none\" ><\/div><\/div><style>.tatsu-row > .tatsu-i9jzn8fbgq2s52qw.tatsu-column{width: 33.33%;}.tatsu-i9jzn8fbgq2s52qw.tatsu-column > .tatsu-column-inner > .tatsu-column-overlay{mix-blend-mode: normal;}.tatsu-i9jzn8fbgq2s52qw > .tatsu-column-inner > .tatsu-top-divider{z-index: 9999;}.tatsu-i9jzn8fbgq2s52qw > .tatsu-column-inner > .tatsu-bottom-divider{z-index: 9999;}.tatsu-i9jzn8fbgq2s52qw > .tatsu-column-inner > .tatsu-left-divider{z-index: 9999;}.tatsu-i9jzn8fbgq2s52qw > .tatsu-column-inner > .tatsu-right-divider{z-index: 9999;}@media only screen and (max-width:1377px) {.tatsu-row > .tatsu-i9jzn8fbgq2s52qw.tatsu-column{width: 33.33%;}}@media only screen and (min-width:768px) and (max-width: 1024px) {.tatsu-row > .tatsu-i9jzn8fbgq2s52qw.tatsu-column{width: 33.33%;}}@media only screen and (max-width: 767px) {.tatsu-row > .tatsu-i9jzn8fbgq2s52qw.tatsu-column{width: 100%;}}<\/style><\/div><\/div><\/div><\/div><div class=\"tatsu-section-background-wrap\"><div class = \"tatsu-section-background\" ><\/div><\/div><div class=\"tatsu-overlay tatsu-section-overlay\"><\/div><style>.tatsu-i9jzn8famc7efqna .tatsu-section-pad{padding: 90px 0px 90px 0px;}.tatsu-i9jzn8famc7efqna .tatsu-section-offset-wrap{transform: translateY(-0px);}.tatsu-i9jzn8famc7efqna > .tatsu-bottom-divider{z-index: 9999;}.tatsu-i9jzn8famc7efqna > .tatsu-top-divider{z-index: 9999;}.tatsu-i9jzn8famc7efqna .tatsu-section-overlay{mix-blend-mode: normal;}<\/style><\/div><div  class=\"tatsu-i9jznh0zvya6nui tatsu-section  tatsu-bg-overlay   tatsu-clearfix\" data-title=\"\"  data-headerscheme=\"background--dark\"><div class='tatsu-section-pad clearfix' data-padding='{\"d\":\"90px 0px 90px 0px\"}' data-padding-top='90px'><div class=\"tatsu-row-wrap  tatsu-wrap tatsu-row-has-two-cols tatsu-medium-gutter tatsu-reg-cols  tatsu-clearfix tatsu-i9jznh0zxh1f29ob\" ><div  class=\"tatsu-row \" ><div  class=\"tatsu-column  tatsu-bg-overlay tatsu-one-third tatsu-column-image-none tatsu-column-effect-none  tatsu-i9jznh0zzbc6oysu\"  data-parallax-speed=\"0\" style=\"\"><div class=\"tatsu-column-inner \" ><div class=\"tatsu-column-pad-wrap\"><div class=\"tatsu-column-pad\" ><div  class=\"tatsu-module tatsu-text-block-wrap tatsu-i9jznh1009sxlbm  \"><div class=\"tatsu-text-inner tatsu-align-center  clearfix\" ><style>.tatsu-i9jznh1009sxlbm.tatsu-text-block-wrap .tatsu-text-inner{width: 100%;text-align: left;}<\/style>\n<h2 data-start=\"935\" data-end=\"960\">OLA po Syrah Reserva<\/h2>\n<p data-start=\"961\" data-end=\"1329\" data-is-last-node=\"\" data-is-only-node=\"\">Desde los vi\u00f1edos Bellavista en Molina, una de las zonas m\u00e1s frescas del Valle de Curic\u00f3, <strong data-start=\"1051\" data-end=\"1075\">OLA po Syrah Reserva<\/strong> expresa intensidad y car\u00e1cter. Destaca por sus notas a ar\u00e1ndanos, frutas negras, chocolate y un sutil toque de roble franc\u00e9s, con taninos medios y final persistente. Perfecto para carnes a la parrilla, vegetales asados y platos intensos. Servir a 18 \u00b0C.<\/p>\n<\/div><\/div><\/div><\/div><div class = \"tatsu-column-bg-image-wrap\"><div class = \"tatsu-column-bg-image\" ><\/div><\/div><div class=\"tatsu-overlay tatsu-column-overlay tatsu-animate-none\" ><\/div><\/div><style>.tatsu-row > .tatsu-i9jznh0zzbc6oysu.tatsu-column{width: 33.33%;}.tatsu-i9jznh0zzbc6oysu.tatsu-column > .tatsu-column-inner > .tatsu-column-overlay{mix-blend-mode: normal;}.tatsu-i9jznh0zzbc6oysu > .tatsu-column-inner > .tatsu-top-divider{z-index: 9999;}.tatsu-i9jznh0zzbc6oysu > .tatsu-column-inner > .tatsu-bottom-divider{z-index: 9999;}.tatsu-i9jznh0zzbc6oysu > .tatsu-column-inner > .tatsu-left-divider{z-index: 9999;}.tatsu-i9jznh0zzbc6oysu > .tatsu-column-inner > .tatsu-right-divider{z-index: 9999;}@media only screen and (max-width:1377px) {.tatsu-row > .tatsu-i9jznh0zzbc6oysu.tatsu-column{width: 33.33%;}}@media only screen and (min-width:768px) and (max-width: 1024px) {.tatsu-row > .tatsu-i9jznh0zzbc6oysu.tatsu-column{width: 33.33%;}}@media only screen and (max-width: 767px) {.tatsu-row > .tatsu-i9jznh0zzbc6oysu.tatsu-column{width: 100%;}}<\/style><\/div><div  class=\"tatsu-column  tatsu-bg-overlay tatsu-two-third tatsu-column-image-none tatsu-column-effect-none  tatsu-i9jznh104r6gcxf0\"  data-parallax-speed=\"0\" style=\"\"><div class=\"tatsu-column-inner \" ><div class=\"tatsu-column-pad-wrap\"><div class=\"tatsu-column-pad\" ><div  class=\"tatsu-single-image tatsu-module tatsu-image-lazyload tatsu-i9jznh10ki582se4  \" ><div class=\"tatsu-single-image-inner \" style=\"width : 1536px;\" ><div class = \"tatsu-single-image-padding-wrap\" style = \"padding-bottom : 66.666666666667%;\" ><\/div><img class = \"tatsu-gradient-border\" alt = \"\" title = \"ChatGPT Image 23 ene 2026, 05_13_18 p.m.\" data-src = \"https:\/\/santairenewines.com\/wp-content\/uploads\/2026\/01\/ChatGPT-Image-23-ene-2026-05_13_18-p.m.png\" src =\"data:image\/png;base64,iVBORw0KGgoAAAANSUhEUgAAAAEAAAABCAQAAAC1HAwCAAAAC0lEQVR42mNkYAAAAAYAAjCB0C8AAAAASUVORK5CYII=\"  \/><\/div><style>.tatsu-i9jznh10ki582se4 .tatsu-single-image-inner{border-style: solid;max-width: 100%;}.tatsu-i9jznh10ki582se4.tatsu-single-image{transform: translate3d(0px,0px, 0);}<\/style><\/div><\/div><\/div><div class = \"tatsu-column-bg-image-wrap\"><div class = \"tatsu-column-bg-image\" ><\/div><\/div><div class=\"tatsu-overlay tatsu-column-overlay tatsu-animate-none\" ><\/div><\/div><style>.tatsu-row > .tatsu-i9jznh104r6gcxf0.tatsu-column{width: 66.67%;}.tatsu-i9jznh104r6gcxf0.tatsu-column > .tatsu-column-inner > .tatsu-column-overlay{mix-blend-mode: normal;}.tatsu-i9jznh104r6gcxf0 > .tatsu-column-inner > .tatsu-top-divider{z-index: 9999;}.tatsu-i9jznh104r6gcxf0 > .tatsu-column-inner > .tatsu-bottom-divider{z-index: 9999;}.tatsu-i9jznh104r6gcxf0 > .tatsu-column-inner > .tatsu-left-divider{z-index: 9999;}.tatsu-i9jznh104r6gcxf0 > .tatsu-column-inner > .tatsu-right-divider{z-index: 9999;}@media only screen and (max-width:1377px) {.tatsu-row > .tatsu-i9jznh104r6gcxf0.tatsu-column{width: 66.67%;}}@media only screen and (min-width:768px) and (max-width: 1024px) {.tatsu-row > .tatsu-i9jznh104r6gcxf0.tatsu-column{width: 66.67%;}}@media only screen and (max-width: 767px) {.tatsu-row > .tatsu-i9jznh104r6gcxf0.tatsu-column{width: 100%;}}<\/style><\/div><\/div><\/div><\/div><div class=\"tatsu-section-background-wrap\"><div class = \"tatsu-section-background\" ><\/div><\/div><div class=\"tatsu-overlay tatsu-section-overlay\"><\/div><style>.tatsu-i9jznh0zvya6nui .tatsu-section-pad{padding: 90px 0px 90px 0px;}.tatsu-i9jznh0zvya6nui .tatsu-section-offset-wrap{transform: translateY(-0px);}.tatsu-i9jznh0zvya6nui > .tatsu-bottom-divider{z-index: 9999;}.tatsu-i9jznh0zvya6nui > .tatsu-top-divider{z-index: 9999;}.tatsu-i9jznh0zvya6nui .tatsu-section-overlay{mix-blend-mode: normal;}<\/style><\/div><div  class=\"tatsu-i9jznnqpk55840b3 tatsu-section    tatsu-clearfix\" data-title=\"\"  data-headerscheme=\"background--dark\"><div class='tatsu-section-pad clearfix' data-padding='{\"d\":\"90px 0px 89px 0px\"}' data-padding-top='90px'><div class=\"tatsu-row-wrap  tatsu-wrap tatsu-row-one-col tatsu-row-has-one-cols tatsu-medium-gutter tatsu-reg-cols  tatsu-clearfix tatsu-i9jznnqplt7n9nf1\" ><div  class=\"tatsu-row \" ><div  class=\"tatsu-column  tatsu-column-no-bg tatsu-one-col tatsu-column-image-none tatsu-column-effect-none  tatsu-i9jznnqpo7abealo\"  data-parallax-speed=\"0\" style=\"\"><div class=\"tatsu-column-inner \" ><div class=\"tatsu-column-pad-wrap\"><div class=\"tatsu-column-pad\" ><div  class=\"tatsu-module tatsu-inline-text clearfix tatsu-i9jznnqppibd7xnf   \" ><style>.tatsu-i9jznnqppibd7xnf .tatsu-inline-text-inner{width: 100%;text-align: left;}@media only screen and (max-width: 767px) {.tatsu-i9jznnqppibd7xnf .tatsu-inline-text-inner{width: 100%;}}<\/style><div class=\"tatsu-inline-text-inner tatsu-align-center\">\n<h3 style=\"text-align: center;\"><span class=\"h4 \" style=\"color: #ffffff;\">Siempre hacemos m\u00e1s para usar menos.<\/span><\/h3>\n<\/div><\/div><div  class=\"tatsu-module tatsu-inline-text clearfix tatsu-i9jznnqptudaewvo   \" ><style>.tatsu-i9jznnqptudaewvo .tatsu-inline-text-inner{width: 70%;text-align: left;}<\/style><div class=\"tatsu-inline-text-inner tatsu-align-center\">\n<h5 style=\"text-align: center;\"><span style=\"color: #ffffff;\">Y, por supuesto, nuestro packaging tambi\u00e9n est\u00e1 dise\u00f1ado para reducir residuos: usamos menos vidrio en nuestras botellas, selladas con corcho natural, y ponemos mayor foco en los vinos excepcionales y sustentables que contienen.<\/span><\/h5>\n<\/div><\/div><\/div><\/div><div class = \"tatsu-column-bg-image-wrap\"><div class = \"tatsu-column-bg-image\" ><\/div><\/div><\/div><style>.tatsu-row > .tatsu-i9jznnqpo7abealo.tatsu-column{width: 100%;}.tatsu-i9jznnqpo7abealo.tatsu-column > .tatsu-column-inner > .tatsu-column-overlay{mix-blend-mode: none;}.tatsu-i9jznnqpo7abealo > .tatsu-column-inner > .tatsu-top-divider{z-index: 9999;}.tatsu-i9jznnqpo7abealo > .tatsu-column-inner > .tatsu-bottom-divider{z-index: 9999;}.tatsu-i9jznnqpo7abealo > .tatsu-column-inner > .tatsu-left-divider{z-index: 9999;}.tatsu-i9jznnqpo7abealo > .tatsu-column-inner > .tatsu-right-divider{z-index: 9999;}<\/style><\/div><\/div><\/div><div class=\"tatsu-row-wrap  tatsu-wrap tatsu-row-one-col tatsu-row-has-one-cols tatsu-medium-gutter tatsu-reg-cols  tatsu-clearfix tatsu-BJxIdL_-8-l\" ><div  class=\"tatsu-row \" ><div  class=\"tatsu-column  tatsu-bg-overlay tatsu-column-empty tatsu-one-col tatsu-column-image-none tatsu-column-effect-none  tatsu-SyIdLuWUWl\"  data-parallax-speed=\"0\" style=\"\"><div class=\"tatsu-column-inner \" ><div class=\"tatsu-column-pad-wrap\"><div class=\"tatsu-column-pad\" ><\/div><\/div><div class = \"tatsu-column-bg-image-wrap\"><div class = \"tatsu-column-bg-image\" ><\/div><\/div><div class=\"tatsu-overlay tatsu-column-overlay tatsu-animate-none\" ><\/div><\/div><style>.tatsu-row > .tatsu-SyIdLuWUWl.tatsu-column{width: 100%;}.tatsu-SyIdLuWUWl.tatsu-column > .tatsu-column-inner > .tatsu-column-overlay{mix-blend-mode: normal;}.tatsu-SyIdLuWUWl > .tatsu-column-inner > .tatsu-top-divider{z-index: 9999;}.tatsu-SyIdLuWUWl > .tatsu-column-inner > .tatsu-bottom-divider{z-index: 9999;}.tatsu-SyIdLuWUWl > .tatsu-column-inner > .tatsu-left-divider{z-index: 9999;}.tatsu-SyIdLuWUWl > .tatsu-column-inner > .tatsu-right-divider{z-index: 9999;}@media only screen and (max-width:1377px) {.tatsu-row > .tatsu-SyIdLuWUWl.tatsu-column{width: 100%;}}@media only screen and (min-width:768px) and (max-width: 1024px) {.tatsu-row > .tatsu-SyIdLuWUWl.tatsu-column{width: 100%;}}@media only screen and (max-width: 767px) {.tatsu-row > .tatsu-SyIdLuWUWl.tatsu-column{width: 100%;}}<\/style><\/div><\/div><\/div><\/div><div class=\"tatsu-section-background-wrap\"><div class = \"tatsu-section-background\" ><\/div><\/div><style>.tatsu-i9jznnqpk55840b3.tatsu-section{background-color: rgba(49,49,49,1);}.tatsu-i9jznnqpk55840b3 .tatsu-section-pad{padding: 90px 0px 89px 0px;}.tatsu-i9jznnqpk55840b3 > .tatsu-bottom-divider{z-index: 9999;}.tatsu-i9jznnqpk55840b3 > .tatsu-top-divider{z-index: 9999;}<\/style><\/div><div  class=\"tatsu-i9jzob3dm035co09 tatsu-section  tatsu-bg-overlay   tatsu-clearfix\" data-title=\"\"  data-headerscheme=\"background--dark\"><div class='tatsu-section-pad clearfix' data-padding='{\"d\":\"90px 0px 90px 0px\"}' data-padding-top='90px'><div class=\"tatsu-row-wrap  tatsu-wrap tatsu-row-one-col tatsu-row-has-one-cols tatsu-medium-gutter tatsu-reg-cols  tatsu-clearfix tatsu-i9jzob3dneb7eqbf\" ><div  class=\"tatsu-row \" ><div  class=\"tatsu-column  tatsu-bg-overlay tatsu-one-col tatsu-column-image-none tatsu-column-effect-none  tatsu-i9jzob3dp97aqxf0\"  data-parallax-speed=\"0\" style=\"\"><div class=\"tatsu-column-inner \" ><div class=\"tatsu-column-pad-wrap\"><div class=\"tatsu-column-pad\" ><div  class=\"tatsu-single-image tatsu-module align-center tatsu-image-lazyload tatsu-i9jzob3e3dbvbg1a  \" ><div class=\"tatsu-single-image-inner \" style=\"width : 851px;\" ><div class = \"tatsu-single-image-padding-wrap\" style = \"padding-bottom : 66.62749706228%;\" ><\/div><img class = \"tatsu-gradient-border\" alt = \"\" title = \"OLA-PO-WEB-6\" data-src = \"https:\/\/santairenewines.com\/wp-content\/uploads\/2026\/01\/OLA-PO-WEB-6.png\" src =\"data:image\/png;base64,iVBORw0KGgoAAAANSUhEUgAAAAEAAAABCAQAAAC1HAwCAAAAC0lEQVR42mNkYAAAAAYAAjCB0C8AAAAASUVORK5CYII=\"  \/><\/div><style>.tatsu-i9jzob3e3dbvbg1a .tatsu-single-image-inner{border-style: solid;max-width: 100%;}.tatsu-i9jzob3e3dbvbg1a.tatsu-single-image{transform: translate3d(0px,0px, 0);}<\/style><\/div><\/div><\/div><div class = \"tatsu-column-bg-image-wrap\"><div class = \"tatsu-column-bg-image\" ><\/div><\/div><div class=\"tatsu-overlay tatsu-column-overlay tatsu-animate-none\" ><\/div><\/div><style>.tatsu-row > .tatsu-i9jzob3dp97aqxf0.tatsu-column{width: 100%;}.tatsu-i9jzob3dp97aqxf0.tatsu-column > .tatsu-column-inner > .tatsu-column-overlay{mix-blend-mode: normal;}.tatsu-i9jzob3dp97aqxf0 > .tatsu-column-inner > .tatsu-top-divider{z-index: 9999;}.tatsu-i9jzob3dp97aqxf0 > .tatsu-column-inner > .tatsu-bottom-divider{z-index: 9999;}.tatsu-i9jzob3dp97aqxf0 > .tatsu-column-inner > .tatsu-left-divider{z-index: 9999;}.tatsu-i9jzob3dp97aqxf0 > .tatsu-column-inner > .tatsu-right-divider{z-index: 9999;}@media only screen and (max-width:1377px) {.tatsu-row > .tatsu-i9jzob3dp97aqxf0.tatsu-column{width: 100%;}}@media only screen and (min-width:768px) and (max-width: 1024px) {.tatsu-row > .tatsu-i9jzob3dp97aqxf0.tatsu-column{width: 100%;}}@media only screen and (max-width: 767px) {.tatsu-row > .tatsu-i9jzob3dp97aqxf0.tatsu-column{width: 100%;}}<\/style><\/div><\/div><\/div><\/div><div class=\"tatsu-section-background-wrap\"><div class = \"tatsu-section-background\" ><\/div><\/div><div class=\"tatsu-overlay tatsu-section-overlay\"><\/div><style>.tatsu-i9jzob3dm035co09 .tatsu-section-pad{padding: 90px 0px 90px 0px;}.tatsu-i9jzob3dm035co09 .tatsu-section-offset-wrap{transform: translateY(-0px);}.tatsu-i9jzob3dm035co09 > .tatsu-bottom-divider{z-index: 9999;}.tatsu-i9jzob3dm035co09 > .tatsu-top-divider{z-index: 9999;}.tatsu-i9jzob3dm035co09 .tatsu-section-overlay{mix-blend-mode: normal;}<\/style><\/div>\n","protected":false},"excerpt":{"rendered":"<p><a href=\"https:\/\/santairenewines.com\/index.php\/ola-po\/\" class=\"more-link style2-button\">Read More<\/a><\/p>","protected":false},"author":1,"featured_media":0,"parent":0,"menu_order":0,"comment_status":"closed","ping_status":"closed","template":"","meta":{"_acf_changed":false,"footnotes":""},"class_list":["post-3047","page","type-page","status-publish","hentry"],"acf":[],"_links":{"self":[{"href":"https:\/\/santairenewines.com\/index.php\/wp-json\/wp\/v2\/pages\/3047","targetHints":{"allow":["GET"]}}],"collection":[{"href":"https:\/\/santairenewines.com\/index.php\/wp-json\/wp\/v2\/pages"}],"about":[{"href":"https:\/\/santairenewines.com\/index.php\/wp-json\/wp\/v2\/types\/page"}],"author":[{"embeddable":true,"href":"https:\/\/santairenewines.com\/index.php\/wp-json\/wp\/v2\/users\/1"}],"replies":[{"embeddable":true,"href":"https:\/\/santairenewines.com\/index.php\/wp-json\/wp\/v2\/comments?post=3047"}],"version-history":[{"count":7,"href":"https:\/\/santairenewines.com\/index.php\/wp-json\/wp\/v2\/pages\/3047\/revisions"}],"predecessor-version":[{"id":3156,"href":"https:\/\/santairenewines.com\/index.php\/wp-json\/wp\/v2\/pages\/3047\/revisions\/3156"}],"wp:attachment":[{"href":"https:\/\/santairenewines.com\/index.php\/wp-json\/wp\/v2\/media?parent=3047"}],"curies":[{"name":"wp","href":"https:\/\/api.w.org\/{rel}","templated":true}]}}