{"id":3046,"date":"2026-01-22T16:25:27","date_gmt":"2026-01-22T16:25:27","guid":{"rendered":"https:\/\/santairenewines.com\/?page_id=3046"},"modified":"2026-01-23T22:39:31","modified_gmt":"2026-01-23T22:39:31","slug":"go-up","status":"publish","type":"page","link":"https:\/\/santairenewines.com\/index.php\/go-up\/","title":{"rendered":"GO UP"},"content":{"rendered":"<div  class=\"tatsu-HJuFKeeLWg tatsu-section  tatsu-bg-overlay   tatsu-clearfix\" data-title=\"\"  data-headerscheme=\"background--dark\"><div class='tatsu-section-pad clearfix' data-padding='{\"d\":\"90px 0px 90px 0px\"}' data-padding-top='90px'><div class=\"tatsu-row-wrap  tatsu-wrap tatsu-row-has-two-cols tatsu-medium-gutter tatsu-reg-cols  tatsu-clearfix tatsu-S1eutKxeLZx\" ><div  class=\"tatsu-row \" ><div  class=\"tatsu-column  tatsu-bg-overlay tatsu-one-third tatsu-column-image-none tatsu-column-effect-none  tatsu-rybOYKlxL-x\"  data-parallax-speed=\"0\" style=\"\"><div class=\"tatsu-column-inner \" ><div class=\"tatsu-column-pad-wrap\"><div class=\"tatsu-column-pad\" ><div  class=\"tatsu-module tatsu-inline-text clearfix tatsu-BJMdFKxl8-l   \" ><style>.tatsu-BJMdFKxl8-l .tatsu-inline-text-inner{width: 100%;text-align: left;}@media only screen and (max-width: 767px) {.tatsu-BJMdFKxl8-l .tatsu-inline-text-inner{width: 100%;}}<\/style><div class=\"tatsu-inline-text-inner tatsu-align-center\">\n<h1>GO UP<\/h1>\n<\/div><\/div><div  class=\"tatsu-module tatsu-text-block-wrap tatsu-S1mOYYlxI-x  \"><div class=\"tatsu-text-inner tatsu-align-center  clearfix\" ><style>.tatsu-S1mOYYlxI-x.tatsu-text-block-wrap .tatsu-text-inner{width: 100%;text-align: left;}<\/style>\n<p><strong data-start=\"692\" data-end=\"788\">Nuestra historia comienza con la sustentabilidad.<br data-start=\"743\" data-end=\"746\" \/>M\u00e1s sabor y menor impacto en el planeta.<\/strong><br data-start=\"788\" data-end=\"791\" \/>No creemos que exista una sola forma de producir mejores vinos, por eso buscamos constantemente nuevas oportunidades para hacerlo.<\/p>\n<\/div><\/div><\/div><\/div><div class = \"tatsu-column-bg-image-wrap\"><div class = \"tatsu-column-bg-image\" ><\/div><\/div><div class=\"tatsu-overlay tatsu-column-overlay tatsu-animate-none\" ><\/div><\/div><style>.tatsu-row > .tatsu-rybOYKlxL-x.tatsu-column{width: 33.33%;}.tatsu-rybOYKlxL-x.tatsu-column > .tatsu-column-inner > .tatsu-column-overlay{mix-blend-mode: normal;}.tatsu-rybOYKlxL-x > .tatsu-column-inner > .tatsu-top-divider{z-index: 9999;}.tatsu-rybOYKlxL-x > .tatsu-column-inner > .tatsu-bottom-divider{z-index: 9999;}.tatsu-rybOYKlxL-x > .tatsu-column-inner > .tatsu-left-divider{z-index: 9999;}.tatsu-rybOYKlxL-x > .tatsu-column-inner > .tatsu-right-divider{z-index: 9999;}@media only screen and (max-width:1377px) {.tatsu-row > .tatsu-rybOYKlxL-x.tatsu-column{width: 33.33%;}}@media only screen and (min-width:768px) and (max-width: 1024px) {.tatsu-row > .tatsu-rybOYKlxL-x.tatsu-column{width: 33.33%;}}@media only screen and (max-width: 767px) {.tatsu-row > .tatsu-rybOYKlxL-x.tatsu-column{width: 100%;}}<\/style><\/div><div  class=\"tatsu-column  tatsu-bg-overlay tatsu-two-third tatsu-column-image-none tatsu-column-effect-none  tatsu-ByV_FtxlLbg\"  data-parallax-speed=\"0\" style=\"\"><div class=\"tatsu-column-inner \" ><div class=\"tatsu-column-pad-wrap\"><div class=\"tatsu-column-pad\" ><div  class=\"tatsu-single-image tatsu-module tatsu-image-lazyload tatsu-HJSdtFxg8Wg  \" ><div class=\"tatsu-single-image-inner \" style=\"width : 2560px;\" ><div class = \"tatsu-single-image-padding-wrap\" style = \"padding-bottom : 66.640625%;\" ><\/div><img class = \"tatsu-gradient-border\" alt = \"\" title = \"GO UP WEB 02\" data-src = \"https:\/\/santairenewines.com\/wp-content\/uploads\/2026\/01\/GO-UP-WEB-02-scaled.png\" src =\"data:image\/png;base64,iVBORw0KGgoAAAANSUhEUgAAAAEAAAABCAQAAAC1HAwCAAAAC0lEQVR42mNkYAAAAAYAAjCB0C8AAAAASUVORK5CYII=\"  \/><\/div><style>.tatsu-HJSdtFxg8Wg .tatsu-single-image-inner{border-style: solid;max-width: 100%;}.tatsu-HJSdtFxg8Wg.tatsu-single-image{transform: translate3d(0px,0px, 0);}<\/style><\/div><\/div><\/div><div class = \"tatsu-column-bg-image-wrap\"><div class = \"tatsu-column-bg-image\" ><\/div><\/div><div class=\"tatsu-overlay tatsu-column-overlay tatsu-animate-none\" ><\/div><\/div><style>.tatsu-row > .tatsu-ByV_FtxlLbg.tatsu-column{width: 66.67%;}.tatsu-ByV_FtxlLbg.tatsu-column > .tatsu-column-inner > .tatsu-column-overlay{mix-blend-mode: normal;}.tatsu-ByV_FtxlLbg > .tatsu-column-inner > .tatsu-top-divider{z-index: 9999;}.tatsu-ByV_FtxlLbg > .tatsu-column-inner > .tatsu-bottom-divider{z-index: 9999;}.tatsu-ByV_FtxlLbg > .tatsu-column-inner > .tatsu-left-divider{z-index: 9999;}.tatsu-ByV_FtxlLbg > .tatsu-column-inner > .tatsu-right-divider{z-index: 9999;}@media only screen and (max-width:1377px) {.tatsu-row > .tatsu-ByV_FtxlLbg.tatsu-column{width: 66.67%;}}@media only screen and (min-width:768px) and (max-width: 1024px) {.tatsu-row > .tatsu-ByV_FtxlLbg.tatsu-column{width: 66.67%;}}@media only screen and (max-width: 767px) {.tatsu-row > .tatsu-ByV_FtxlLbg.tatsu-column{width: 100%;}}<\/style><\/div><\/div><\/div><\/div><div class=\"tatsu-section-background-wrap\"><div class = \"tatsu-section-background\" ><\/div><\/div><div class=\"tatsu-overlay tatsu-section-overlay\"><\/div><style>.tatsu-HJuFKeeLWg .tatsu-section-pad{padding: 90px 0px 90px 0px;}.tatsu-HJuFKeeLWg .tatsu-section-offset-wrap{transform: translateY(-0px);}.tatsu-HJuFKeeLWg > .tatsu-bottom-divider{z-index: 9999;}.tatsu-HJuFKeeLWg > .tatsu-top-divider{z-index: 9999;}.tatsu-HJuFKeeLWg .tatsu-section-overlay{mix-blend-mode: normal;}<\/style><\/div><div  class=\"tatsu-i9jzlo7on72ohea4 tatsu-section  tatsu-bg-overlay   tatsu-clearfix\" data-title=\"\"  data-headerscheme=\"background--dark\"><div class='tatsu-section-pad clearfix' data-padding='{\"d\":\"90px 0px 90px 0px\"}' data-padding-top='90px'><div class=\"tatsu-row-wrap  tatsu-wrap tatsu-row-has-two-cols tatsu-medium-gutter tatsu-reg-cols  tatsu-clearfix tatsu-i9jzlo7oq43oo8mz\" ><div  class=\"tatsu-row \" ><div  class=\"tatsu-column  tatsu-bg-overlay tatsu-two-third tatsu-column-image-none tatsu-column-effect-none  tatsu-i9jzlo7ot718rh5h\"  data-parallax-speed=\"0\" style=\"\"><div class=\"tatsu-column-inner \" ><div class=\"tatsu-column-pad-wrap\"><div class=\"tatsu-column-pad\" ><div  class=\"tatsu-single-image tatsu-module tatsu-image-lazyload tatsu-i9jzlo7pcqbvxi9l  \" ><div class=\"tatsu-single-image-inner \" style=\"width : 2560px;\" ><div class = \"tatsu-single-image-padding-wrap\" style = \"padding-bottom : 66.6796875%;\" ><\/div><img class = \"tatsu-gradient-border\" alt = \"\" title = \"GO UP WEB 04\" data-src = \"https:\/\/santairenewines.com\/wp-content\/uploads\/2026\/01\/GO-UP-WEB-04-scaled.png\" src =\"data:image\/png;base64,iVBORw0KGgoAAAANSUhEUgAAAAEAAAABCAQAAAC1HAwCAAAAC0lEQVR42mNkYAAAAAYAAjCB0C8AAAAASUVORK5CYII=\"  \/><\/div><style>.tatsu-i9jzlo7pcqbvxi9l .tatsu-single-image-inner{border-style: solid;max-width: 100%;}.tatsu-i9jzlo7pcqbvxi9l.tatsu-single-image{transform: translate3d(0px,0px, 0);}<\/style><\/div><\/div><\/div><div class = \"tatsu-column-bg-image-wrap\"><div class = \"tatsu-column-bg-image\" ><\/div><\/div><div class=\"tatsu-overlay tatsu-column-overlay tatsu-animate-none\" ><\/div><\/div><style>.tatsu-row > .tatsu-i9jzlo7ot718rh5h.tatsu-column{width: 66.67%;}.tatsu-i9jzlo7ot718rh5h.tatsu-column > .tatsu-column-inner > .tatsu-column-overlay{mix-blend-mode: normal;}.tatsu-i9jzlo7ot718rh5h > .tatsu-column-inner > .tatsu-top-divider{z-index: 9999;}.tatsu-i9jzlo7ot718rh5h > .tatsu-column-inner > .tatsu-bottom-divider{z-index: 9999;}.tatsu-i9jzlo7ot718rh5h > .tatsu-column-inner > .tatsu-left-divider{z-index: 9999;}.tatsu-i9jzlo7ot718rh5h > .tatsu-column-inner > .tatsu-right-divider{z-index: 9999;}@media only screen and (max-width:1377px) {.tatsu-row > .tatsu-i9jzlo7ot718rh5h.tatsu-column{width: 66.67%;}}@media only screen and (min-width:768px) and (max-width: 1024px) {.tatsu-row > .tatsu-i9jzlo7ot718rh5h.tatsu-column{width: 66.67%;}}@media only screen and (max-width: 767px) {.tatsu-row > .tatsu-i9jzlo7ot718rh5h.tatsu-column{width: 100%;}}<\/style><\/div><div  class=\"tatsu-column  tatsu-bg-overlay tatsu-one-third tatsu-column-image-none tatsu-column-effect-none  tatsu-i9jzlo7peo4fv7yb\"  data-parallax-speed=\"0\" style=\"\"><div class=\"tatsu-column-inner \" ><div class=\"tatsu-column-pad-wrap\"><div class=\"tatsu-column-pad\" ><div  class=\"tatsu-module tatsu-text-block-wrap tatsu-i9jzlo7pgb9yk9a4  \"><div class=\"tatsu-text-inner tatsu-align-center  clearfix\" ><style>.tatsu-i9jzlo7pgb9yk9a4.tatsu-text-block-wrap .tatsu-text-inner{width: 100%;text-align: left;}<\/style>\n<p>Esto puede lograrse a trav\u00e9s de los sabores ricos y complejos de uvas cultivadas en vi\u00f1as antiguas que requieren menos agua.<br data-start=\"1296\" data-end=\"1299\" \/>O encontrando formas de reducir el sulfuro y el az\u00facar, asegurando al mismo tiempo uvas de origen \u00e9tico y una producci\u00f3n responsable.<\/p>\n<\/div><\/div><\/div><\/div><div class = \"tatsu-column-bg-image-wrap\"><div class = \"tatsu-column-bg-image\" ><\/div><\/div><div class=\"tatsu-overlay tatsu-column-overlay tatsu-animate-none\" ><\/div><\/div><style>.tatsu-row > .tatsu-i9jzlo7peo4fv7yb.tatsu-column{width: 33.33%;}.tatsu-i9jzlo7peo4fv7yb.tatsu-column > .tatsu-column-inner > .tatsu-column-overlay{mix-blend-mode: normal;}.tatsu-i9jzlo7peo4fv7yb > .tatsu-column-inner > .tatsu-top-divider{z-index: 9999;}.tatsu-i9jzlo7peo4fv7yb > .tatsu-column-inner > .tatsu-bottom-divider{z-index: 9999;}.tatsu-i9jzlo7peo4fv7yb > .tatsu-column-inner > .tatsu-left-divider{z-index: 9999;}.tatsu-i9jzlo7peo4fv7yb > .tatsu-column-inner > .tatsu-right-divider{z-index: 9999;}@media only screen and (max-width:1377px) {.tatsu-row > .tatsu-i9jzlo7peo4fv7yb.tatsu-column{width: 33.33%;}}@media only screen and (min-width:768px) and (max-width: 1024px) {.tatsu-row > .tatsu-i9jzlo7peo4fv7yb.tatsu-column{width: 33.33%;}}@media only screen and (max-width: 767px) {.tatsu-row > .tatsu-i9jzlo7peo4fv7yb.tatsu-column{width: 100%;}}<\/style><\/div><\/div><\/div><\/div><div class=\"tatsu-section-background-wrap\"><div class = \"tatsu-section-background\" ><\/div><\/div><div class=\"tatsu-overlay tatsu-section-overlay\"><\/div><style>.tatsu-i9jzlo7on72ohea4 .tatsu-section-pad{padding: 90px 0px 90px 0px;}.tatsu-i9jzlo7on72ohea4 .tatsu-section-offset-wrap{transform: translateY(-0px);}.tatsu-i9jzlo7on72ohea4 > .tatsu-bottom-divider{z-index: 9999;}.tatsu-i9jzlo7on72ohea4 > .tatsu-top-divider{z-index: 9999;}.tatsu-i9jzlo7on72ohea4 .tatsu-section-overlay{mix-blend-mode: normal;}<\/style><\/div><div  class=\"tatsu-i9jzlvcc6f9u4gls tatsu-section  tatsu-bg-overlay   tatsu-clearfix\" data-title=\"\"  data-headerscheme=\"background--dark\"><div class='tatsu-section-pad clearfix' data-padding='{\"d\":\"90px 0px 90px 0px\"}' data-padding-top='90px'><div class=\"tatsu-row-wrap  tatsu-wrap tatsu-row-has-two-cols tatsu-medium-gutter tatsu-reg-cols  tatsu-clearfix tatsu-i9jzlvcc8d4wdvjs\" ><div  class=\"tatsu-row \" ><div  class=\"tatsu-column  tatsu-bg-overlay tatsu-one-third tatsu-column-image-none tatsu-column-effect-none  tatsu-i9jzlvccbd97ioy2\"  data-parallax-speed=\"0\" style=\"\"><div class=\"tatsu-column-inner \" ><div class=\"tatsu-column-pad-wrap\"><div class=\"tatsu-column-pad\" ><div  class=\"tatsu-module tatsu-text-block-wrap tatsu-i9jzlvcccmd4vp65  \"><div class=\"tatsu-text-inner tatsu-align-center  clearfix\" ><style>.tatsu-i9jzlvcccmd4vp65.tatsu-text-block-wrap .tatsu-text-inner{width: 100%;text-align: left;}<\/style>\n<p>O quiz\u00e1s se trate de utilizar nuestra red de bodegas artesanales e independientes de tradici\u00f3n familiar, donde los m\u00e9todos vitivin\u00edcolas tradicionales han sido perfeccionados con el tiempo y transmitidos de generaci\u00f3n en generaci\u00f3n.<\/p>\n<\/div><\/div><\/div><\/div><div class = \"tatsu-column-bg-image-wrap\"><div class = \"tatsu-column-bg-image\" ><\/div><\/div><div class=\"tatsu-overlay tatsu-column-overlay tatsu-animate-none\" ><\/div><\/div><style>.tatsu-row > .tatsu-i9jzlvccbd97ioy2.tatsu-column{width: 33.33%;}.tatsu-i9jzlvccbd97ioy2.tatsu-column > .tatsu-column-inner > .tatsu-column-overlay{mix-blend-mode: normal;}.tatsu-i9jzlvccbd97ioy2 > .tatsu-column-inner > .tatsu-top-divider{z-index: 9999;}.tatsu-i9jzlvccbd97ioy2 > .tatsu-column-inner > .tatsu-bottom-divider{z-index: 9999;}.tatsu-i9jzlvccbd97ioy2 > .tatsu-column-inner > .tatsu-left-divider{z-index: 9999;}.tatsu-i9jzlvccbd97ioy2 > .tatsu-column-inner > .tatsu-right-divider{z-index: 9999;}@media only screen and (max-width:1377px) {.tatsu-row > .tatsu-i9jzlvccbd97ioy2.tatsu-column{width: 33.33%;}}@media only screen and (min-width:768px) and (max-width: 1024px) {.tatsu-row > .tatsu-i9jzlvccbd97ioy2.tatsu-column{width: 33.33%;}}@media only screen and (max-width: 767px) {.tatsu-row > .tatsu-i9jzlvccbd97ioy2.tatsu-column{width: 100%;}}<\/style><\/div><div  class=\"tatsu-column  tatsu-bg-overlay tatsu-two-third tatsu-column-image-none tatsu-column-effect-none  tatsu-i9jzlvccha79r7w9\"  data-parallax-speed=\"0\" style=\"\"><div class=\"tatsu-column-inner \" ><div class=\"tatsu-column-pad-wrap\"><div class=\"tatsu-column-pad\" ><div  class=\"tatsu-single-image tatsu-module tatsu-image-lazyload tatsu-i9jzlvccy0buov7h  \" ><div class=\"tatsu-single-image-inner \" style=\"width : 1774px;\" ><div class = \"tatsu-single-image-padding-wrap\" style = \"padding-bottom : 66.62908680947%;\" ><\/div><img class = \"tatsu-gradient-border\" alt = \"\" title = \"L=M 03\" data-src = \"https:\/\/santairenewines.com\/wp-content\/uploads\/2026\/01\/LM-03.jpg\" src =\"data:image\/png;base64,iVBORw0KGgoAAAANSUhEUgAAAAEAAAABCAQAAAC1HAwCAAAAC0lEQVR42mNkYAAAAAYAAjCB0C8AAAAASUVORK5CYII=\"  \/><\/div><style>.tatsu-i9jzlvccy0buov7h .tatsu-single-image-inner{border-style: solid;max-width: 100%;}.tatsu-i9jzlvccy0buov7h.tatsu-single-image{transform: translate3d(0px,0px, 0);}<\/style><\/div><\/div><\/div><div class = \"tatsu-column-bg-image-wrap\"><div class = \"tatsu-column-bg-image\" ><\/div><\/div><div class=\"tatsu-overlay tatsu-column-overlay tatsu-animate-none\" ><\/div><\/div><style>.tatsu-row > .tatsu-i9jzlvccha79r7w9.tatsu-column{width: 66.67%;}.tatsu-i9jzlvccha79r7w9.tatsu-column > .tatsu-column-inner > .tatsu-column-overlay{mix-blend-mode: normal;}.tatsu-i9jzlvccha79r7w9 > .tatsu-column-inner > .tatsu-top-divider{z-index: 9999;}.tatsu-i9jzlvccha79r7w9 > .tatsu-column-inner > .tatsu-bottom-divider{z-index: 9999;}.tatsu-i9jzlvccha79r7w9 > .tatsu-column-inner > .tatsu-left-divider{z-index: 9999;}.tatsu-i9jzlvccha79r7w9 > .tatsu-column-inner > .tatsu-right-divider{z-index: 9999;}@media only screen and (max-width:1377px) {.tatsu-row > .tatsu-i9jzlvccha79r7w9.tatsu-column{width: 66.67%;}}@media only screen and (min-width:768px) and (max-width: 1024px) {.tatsu-row > .tatsu-i9jzlvccha79r7w9.tatsu-column{width: 66.67%;}}@media only screen and (max-width: 767px) {.tatsu-row > .tatsu-i9jzlvccha79r7w9.tatsu-column{width: 100%;}}<\/style><\/div><\/div><\/div><\/div><div class=\"tatsu-section-background-wrap\"><div class = \"tatsu-section-background\" ><\/div><\/div><div class=\"tatsu-overlay tatsu-section-overlay\"><\/div><style>.tatsu-i9jzlvcc6f9u4gls .tatsu-section-pad{padding: 90px 0px 90px 0px;}.tatsu-i9jzlvcc6f9u4gls .tatsu-section-offset-wrap{transform: translateY(-0px);}.tatsu-i9jzlvcc6f9u4gls > .tatsu-bottom-divider{z-index: 9999;}.tatsu-i9jzlvcc6f9u4gls > .tatsu-top-divider{z-index: 9999;}.tatsu-i9jzlvcc6f9u4gls .tatsu-section-overlay{mix-blend-mode: normal;}<\/style><\/div><div  class=\"tatsu-i9jzm2ddacas6wsf tatsu-section    tatsu-clearfix\" data-title=\"\"  data-headerscheme=\"background--dark\"><div class='tatsu-section-pad clearfix' data-padding='{\"d\":\"90px 0px 89px 0px\"}' data-padding-top='90px'><div class=\"tatsu-row-wrap  tatsu-wrap tatsu-row-one-col tatsu-row-has-one-cols tatsu-medium-gutter tatsu-reg-cols  tatsu-clearfix tatsu-i9jzm2ddcp7wkrlv\" ><div  class=\"tatsu-row \" ><div  class=\"tatsu-column  tatsu-column-no-bg tatsu-one-col tatsu-column-image-none tatsu-column-effect-none  tatsu-i9jzm2ddg6bjy51e\"  data-parallax-speed=\"0\" style=\"\"><div class=\"tatsu-column-inner \" ><div class=\"tatsu-column-pad-wrap\"><div class=\"tatsu-column-pad\" ><div  class=\"tatsu-module tatsu-inline-text clearfix tatsu-i9jzm2ddi57mvsbl   \" ><style>.tatsu-i9jzm2ddi57mvsbl .tatsu-inline-text-inner{width: 100%;text-align: left;}@media only screen and (max-width: 767px) {.tatsu-i9jzm2ddi57mvsbl .tatsu-inline-text-inner{width: 100%;}}<\/style><div class=\"tatsu-inline-text-inner tatsu-align-center\">\n<h3 style=\"text-align: center;\"><span class=\"h4 \" style=\"color: #ffffff;\">Siempre hacemos m\u00e1s para usar menos.<\/span><\/h3>\n<\/div><\/div><div  class=\"tatsu-module tatsu-inline-text clearfix tatsu-i9jzm2ddnw9wfy1j   \" ><style>.tatsu-i9jzm2ddnw9wfy1j .tatsu-inline-text-inner{width: 70%;text-align: left;}<\/style><div class=\"tatsu-inline-text-inner tatsu-align-center\">\n<h5 style=\"text-align: center;\"><span style=\"color: #ffffff;\">Y, por supuesto, nuestro packaging tambi\u00e9n est\u00e1 dise\u00f1ado para reducir residuos: usamos menos vidrio en nuestras botellas, selladas con corcho natural, y ponemos mayor foco en los vinos excepcionales y sustentables que contienen.<\/span><\/h5>\n<\/div><\/div><\/div><\/div><div class = \"tatsu-column-bg-image-wrap\"><div class = \"tatsu-column-bg-image\" ><\/div><\/div><\/div><style>.tatsu-row > .tatsu-i9jzm2ddg6bjy51e.tatsu-column{width: 100%;}.tatsu-i9jzm2ddg6bjy51e.tatsu-column > .tatsu-column-inner > .tatsu-column-overlay{mix-blend-mode: none;}.tatsu-i9jzm2ddg6bjy51e > .tatsu-column-inner > .tatsu-top-divider{z-index: 9999;}.tatsu-i9jzm2ddg6bjy51e > .tatsu-column-inner > .tatsu-bottom-divider{z-index: 9999;}.tatsu-i9jzm2ddg6bjy51e > .tatsu-column-inner > .tatsu-left-divider{z-index: 9999;}.tatsu-i9jzm2ddg6bjy51e > .tatsu-column-inner > .tatsu-right-divider{z-index: 9999;}<\/style><\/div><\/div><\/div><\/div><div class=\"tatsu-section-background-wrap\"><div class = \"tatsu-section-background\" ><\/div><\/div><style>.tatsu-i9jzm2ddacas6wsf.tatsu-section{background-color: rgba(49,49,49,1);}.tatsu-i9jzm2ddacas6wsf .tatsu-section-pad{padding: 90px 0px 89px 0px;}.tatsu-i9jzm2ddacas6wsf > .tatsu-bottom-divider{z-index: 9999;}.tatsu-i9jzm2ddacas6wsf > .tatsu-top-divider{z-index: 9999;}<\/style><\/div><div  class=\"tatsu-i9jzmgmsesax7c33 tatsu-section  tatsu-bg-overlay   tatsu-clearfix\" data-title=\"\"  data-headerscheme=\"background--dark\"><div class='tatsu-section-pad clearfix' data-padding='{\"d\":\"90px 0px 90px 0px\"}' data-padding-top='90px'><div class=\"tatsu-row-wrap  tatsu-wrap tatsu-row-one-col tatsu-row-has-one-cols tatsu-medium-gutter tatsu-reg-cols  tatsu-clearfix tatsu-i9jzmgmsjbfg34ej\" ><div  class=\"tatsu-row \" ><div  class=\"tatsu-column  tatsu-bg-overlay tatsu-one-col tatsu-column-image-none tatsu-column-effect-none  tatsu-i9jzmgmsnb76mnhc\"  data-parallax-speed=\"0\" style=\"\"><div class=\"tatsu-column-inner \" ><div class=\"tatsu-column-pad-wrap\"><div class=\"tatsu-column-pad\" ><div  class=\"tatsu-single-image tatsu-module tatsu-image-lazyload tatsu-i9jzmgmt8j9wlqle  \" ><div class=\"tatsu-single-image-inner \" style=\"width : 2560px;\" ><div class = \"tatsu-single-image-padding-wrap\" style = \"padding-bottom : 66.6796875%;\" ><\/div><img class = \"tatsu-gradient-border\" alt = \"\" title = \"GO UP WEB 01\" data-src = \"https:\/\/santairenewines.com\/wp-content\/uploads\/2026\/01\/GO-UP-WEB-01-scaled.png\" src =\"data:image\/png;base64,iVBORw0KGgoAAAANSUhEUgAAAAEAAAABCAQAAAC1HAwCAAAAC0lEQVR42mNkYAAAAAYAAjCB0C8AAAAASUVORK5CYII=\"  \/><\/div><style>.tatsu-i9jzmgmt8j9wlqle .tatsu-single-image-inner{border-style: solid;max-width: 100%;}.tatsu-i9jzmgmt8j9wlqle.tatsu-single-image{transform: translate3d(0px,0px, 0);}<\/style><\/div><\/div><\/div><div class = \"tatsu-column-bg-image-wrap\"><div class = \"tatsu-column-bg-image\" ><\/div><\/div><div class=\"tatsu-overlay tatsu-column-overlay tatsu-animate-none\" ><\/div><\/div><style>.tatsu-row > .tatsu-i9jzmgmsnb76mnhc.tatsu-column{width: 100%;}.tatsu-i9jzmgmsnb76mnhc.tatsu-column > .tatsu-column-inner > .tatsu-column-overlay{mix-blend-mode: normal;}.tatsu-i9jzmgmsnb76mnhc > .tatsu-column-inner > .tatsu-top-divider{z-index: 9999;}.tatsu-i9jzmgmsnb76mnhc > .tatsu-column-inner > .tatsu-bottom-divider{z-index: 9999;}.tatsu-i9jzmgmsnb76mnhc > .tatsu-column-inner > .tatsu-left-divider{z-index: 9999;}.tatsu-i9jzmgmsnb76mnhc > .tatsu-column-inner > .tatsu-right-divider{z-index: 9999;}@media only screen and (max-width:1377px) {.tatsu-row > .tatsu-i9jzmgmsnb76mnhc.tatsu-column{width: 100%;}}@media only screen and (min-width:768px) and (max-width: 1024px) {.tatsu-row > .tatsu-i9jzmgmsnb76mnhc.tatsu-column{width: 100%;}}@media only screen and (max-width: 767px) {.tatsu-row > .tatsu-i9jzmgmsnb76mnhc.tatsu-column{width: 100%;}}<\/style><\/div><\/div><\/div><\/div><div class=\"tatsu-section-background-wrap\"><div class = \"tatsu-section-background\" ><\/div><\/div><div class=\"tatsu-overlay tatsu-section-overlay\"><\/div><style>.tatsu-i9jzmgmsesax7c33 .tatsu-section-pad{padding: 90px 0px 90px 0px;}.tatsu-i9jzmgmsesax7c33 .tatsu-section-offset-wrap{transform: translateY(-0px);}.tatsu-i9jzmgmsesax7c33 > .tatsu-bottom-divider{z-index: 9999;}.tatsu-i9jzmgmsesax7c33 > .tatsu-top-divider{z-index: 9999;}.tatsu-i9jzmgmsesax7c33 .tatsu-section-overlay{mix-blend-mode: normal;}<\/style><\/div>\n","protected":false},"excerpt":{"rendered":"<p><a href=\"https:\/\/santairenewines.com\/index.php\/go-up\/\" class=\"more-link style2-button\">Read More<\/a><\/p>","protected":false},"author":1,"featured_media":0,"parent":0,"menu_order":0,"comment_status":"closed","ping_status":"closed","template":"","meta":{"_acf_changed":false,"footnotes":""},"class_list":["post-3046","page","type-page","status-publish","hentry"],"acf":[],"_links":{"self":[{"href":"https:\/\/santairenewines.com\/index.php\/wp-json\/wp\/v2\/pages\/3046","targetHints":{"allow":["GET"]}}],"collection":[{"href":"https:\/\/santairenewines.com\/index.php\/wp-json\/wp\/v2\/pages"}],"about":[{"href":"https:\/\/santairenewines.com\/index.php\/wp-json\/wp\/v2\/types\/page"}],"author":[{"embeddable":true,"href":"https:\/\/santairenewines.com\/index.php\/wp-json\/wp\/v2\/users\/1"}],"replies":[{"embeddable":true,"href":"https:\/\/santairenewines.com\/index.php\/wp-json\/wp\/v2\/comments?post=3046"}],"version-history":[{"count":5,"href":"https:\/\/santairenewines.com\/index.php\/wp-json\/wp\/v2\/pages\/3046\/revisions"}],"predecessor-version":[{"id":3157,"href":"https:\/\/santairenewines.com\/index.php\/wp-json\/wp\/v2\/pages\/3046\/revisions\/3157"}],"wp:attachment":[{"href":"https:\/\/santairenewines.com\/index.php\/wp-json\/wp\/v2\/media?parent=3046"}],"curies":[{"name":"wp","href":"https:\/\/api.w.org\/{rel}","templated":true}]}}