{"id":3045,"date":"2026-01-22T16:25:59","date_gmt":"2026-01-22T16:25:59","guid":{"rendered":"https:\/\/santairenewines.com\/?page_id=3045"},"modified":"2026-01-23T22:34:17","modified_gmt":"2026-01-23T22:34:17","slug":"el-cretino","status":"publish","type":"page","link":"https:\/\/santairenewines.com\/index.php\/el-cretino\/","title":{"rendered":"EL CRETINO"},"content":{"rendered":"<div  class=\"tatsu-i9k4feee7wft3dc1 tatsu-section  tatsu-bg-overlay   tatsu-clearfix\" data-title=\"\"  data-headerscheme=\"background--dark\"><div class='tatsu-section-pad clearfix' data-padding='{\"d\":\"90px 0px 90px 0px\"}' data-padding-top='90px'><div class=\"tatsu-row-wrap  tatsu-wrap tatsu-row-has-two-cols tatsu-medium-gutter tatsu-reg-cols  tatsu-clearfix tatsu-i9k4feeea0d1gnky\" ><div  class=\"tatsu-row \" ><div  class=\"tatsu-column  tatsu-bg-overlay tatsu-one-third tatsu-column-image-none tatsu-column-effect-none  tatsu-i9k4feeeco8t016s\"  data-parallax-speed=\"0\" style=\"\"><div class=\"tatsu-column-inner \" ><div class=\"tatsu-column-pad-wrap\"><div class=\"tatsu-column-pad\" ><div  class=\"tatsu-module tatsu-inline-text clearfix tatsu-i9k4feeefg9w8d02   \" ><style>.tatsu-i9k4feeefg9w8d02 .tatsu-inline-text-inner{width: 100%;text-align: left;}@media only screen and (max-width: 767px) {.tatsu-i9k4feeefg9w8d02 .tatsu-inline-text-inner{width: 100%;}}<\/style><div class=\"tatsu-inline-text-inner tatsu-align-center\">\n<h1>EL CRETINO<\/h1>\n<\/div><\/div><div  class=\"tatsu-module tatsu-text-block-wrap tatsu-i9k4feeejz404z6l  \"><div class=\"tatsu-text-inner tatsu-align-center  clearfix\" ><style>.tatsu-i9k4feeejz404z6l.tatsu-text-block-wrap .tatsu-text-inner{width: 100%;text-align: left;}<\/style>\n<p><strong data-start=\"692\" data-end=\"788\">Nuestra historia comienza con la sustentabilidad.<br data-start=\"743\" data-end=\"746\" \/>M\u00e1s sabor y menor impacto en el planeta.<\/strong><br data-start=\"788\" data-end=\"791\" \/>No creemos que exista una sola forma de producir mejores vinos, por eso buscamos constantemente nuevas oportunidades para hacerlo.<\/p>\n<\/div><\/div><\/div><\/div><div class = \"tatsu-column-bg-image-wrap\"><div class = \"tatsu-column-bg-image\" ><\/div><\/div><div class=\"tatsu-overlay tatsu-column-overlay tatsu-animate-none\" ><\/div><\/div><style>.tatsu-row > .tatsu-i9k4feeeco8t016s.tatsu-column{width: 33.33%;}.tatsu-i9k4feeeco8t016s.tatsu-column > .tatsu-column-inner > .tatsu-column-overlay{mix-blend-mode: normal;}.tatsu-i9k4feeeco8t016s > .tatsu-column-inner > .tatsu-top-divider{z-index: 9999;}.tatsu-i9k4feeeco8t016s > .tatsu-column-inner > .tatsu-bottom-divider{z-index: 9999;}.tatsu-i9k4feeeco8t016s > .tatsu-column-inner > .tatsu-left-divider{z-index: 9999;}.tatsu-i9k4feeeco8t016s > .tatsu-column-inner > .tatsu-right-divider{z-index: 9999;}@media only screen and (max-width:1377px) {.tatsu-row > .tatsu-i9k4feeeco8t016s.tatsu-column{width: 33.33%;}}@media only screen and (min-width:768px) and (max-width: 1024px) {.tatsu-row > .tatsu-i9k4feeeco8t016s.tatsu-column{width: 33.33%;}}@media only screen and (max-width: 767px) {.tatsu-row > .tatsu-i9k4feeeco8t016s.tatsu-column{width: 100%;}}<\/style><\/div><div  class=\"tatsu-column  tatsu-bg-overlay tatsu-two-third tatsu-column-image-none tatsu-column-effect-none  tatsu-i9k4feeemegfsb9y\"  data-parallax-speed=\"0\" style=\"\"><div class=\"tatsu-column-inner \" ><div class=\"tatsu-column-pad-wrap\"><div class=\"tatsu-column-pad\" ><div  class=\"tatsu-single-image tatsu-module tatsu-image-lazyload tatsu-i9k4feef4095iqyz  \" ><div class=\"tatsu-single-image-inner \" style=\"width : 2560px;\" ><div class = \"tatsu-single-image-padding-wrap\" style = \"padding-bottom : 66.640625%;\" ><\/div><img class = \"tatsu-gradient-border\" alt = \"\" title = \"EL CRETINO WEB 03\" data-src = \"https:\/\/santairenewines.com\/wp-content\/uploads\/2026\/01\/EL-CRETINO-WEB-03-scaled.png\" src =\"data:image\/png;base64,iVBORw0KGgoAAAANSUhEUgAAAAEAAAABCAQAAAC1HAwCAAAAC0lEQVR42mNkYAAAAAYAAjCB0C8AAAAASUVORK5CYII=\"  \/><\/div><style>.tatsu-i9k4feef4095iqyz .tatsu-single-image-inner{border-style: solid;max-width: 100%;}.tatsu-i9k4feef4095iqyz.tatsu-single-image{transform: translate3d(0px,0px, 0);}<\/style><\/div><\/div><\/div><div class = \"tatsu-column-bg-image-wrap\"><div class = \"tatsu-column-bg-image\" ><\/div><\/div><div class=\"tatsu-overlay tatsu-column-overlay tatsu-animate-none\" ><\/div><\/div><style>.tatsu-row > .tatsu-i9k4feeemegfsb9y.tatsu-column{width: 66.67%;}.tatsu-i9k4feeemegfsb9y.tatsu-column > .tatsu-column-inner > .tatsu-column-overlay{mix-blend-mode: normal;}.tatsu-i9k4feeemegfsb9y > .tatsu-column-inner > .tatsu-top-divider{z-index: 9999;}.tatsu-i9k4feeemegfsb9y > .tatsu-column-inner > .tatsu-bottom-divider{z-index: 9999;}.tatsu-i9k4feeemegfsb9y > .tatsu-column-inner > .tatsu-left-divider{z-index: 9999;}.tatsu-i9k4feeemegfsb9y > .tatsu-column-inner > .tatsu-right-divider{z-index: 9999;}@media only screen and (max-width:1377px) {.tatsu-row > .tatsu-i9k4feeemegfsb9y.tatsu-column{width: 66.67%;}}@media only screen and (min-width:768px) and (max-width: 1024px) {.tatsu-row > .tatsu-i9k4feeemegfsb9y.tatsu-column{width: 66.67%;}}@media only screen and (max-width: 767px) {.tatsu-row > .tatsu-i9k4feeemegfsb9y.tatsu-column{width: 100%;}}<\/style><\/div><\/div><\/div><\/div><div class=\"tatsu-section-background-wrap\"><div class = \"tatsu-section-background\" ><\/div><\/div><div class=\"tatsu-overlay tatsu-section-overlay\"><\/div><style>.tatsu-i9k4feee7wft3dc1 .tatsu-section-pad{padding: 90px 0px 90px 0px;}.tatsu-i9k4feee7wft3dc1 .tatsu-section-offset-wrap{transform: translateY(-0px);}.tatsu-i9k4feee7wft3dc1 > .tatsu-bottom-divider{z-index: 9999;}.tatsu-i9k4feee7wft3dc1 > .tatsu-top-divider{z-index: 9999;}.tatsu-i9k4feee7wft3dc1 .tatsu-section-overlay{mix-blend-mode: normal;}<\/style><\/div><div  class=\"tatsu-i9k4fxodi2ajr3f2 tatsu-section  tatsu-bg-overlay   tatsu-clearfix\" data-title=\"\"  data-headerscheme=\"background--dark\"><div class='tatsu-section-pad clearfix' data-padding='{\"d\":\"90px 0px 90px 0px\"}' data-padding-top='90px'><div class=\"tatsu-row-wrap  tatsu-wrap tatsu-row-has-two-cols tatsu-medium-gutter tatsu-reg-cols  tatsu-clearfix tatsu-i9k4fxodk6clpnkr\" ><div  class=\"tatsu-row \" ><div  class=\"tatsu-column  tatsu-bg-overlay tatsu-two-third tatsu-column-image-none tatsu-column-effect-none  tatsu-i9k4fxodmy8g3pr9\"  data-parallax-speed=\"0\" style=\"\"><div class=\"tatsu-column-inner \" ><div class=\"tatsu-column-pad-wrap\"><div class=\"tatsu-column-pad\" ><div  class=\"tatsu-single-image tatsu-module tatsu-image-lazyload tatsu-i9k4fxoe491vm7dx  \" ><div class=\"tatsu-single-image-inner \" style=\"width : 2560px;\" ><div class = \"tatsu-single-image-padding-wrap\" style = \"padding-bottom : 66.640625%;\" ><\/div><img class = \"tatsu-gradient-border\" alt = \"\" title = \"EL CRETINO WEB 02\" data-src = \"https:\/\/santairenewines.com\/wp-content\/uploads\/2026\/01\/EL-CRETINO-WEB-02-scaled.png\" src =\"data:image\/png;base64,iVBORw0KGgoAAAANSUhEUgAAAAEAAAABCAQAAAC1HAwCAAAAC0lEQVR42mNkYAAAAAYAAjCB0C8AAAAASUVORK5CYII=\"  \/><\/div><style>.tatsu-i9k4fxoe491vm7dx .tatsu-single-image-inner{border-style: solid;max-width: 100%;}.tatsu-i9k4fxoe491vm7dx.tatsu-single-image{transform: translate3d(0px,0px, 0);}<\/style><\/div><\/div><\/div><div class = \"tatsu-column-bg-image-wrap\"><div class = \"tatsu-column-bg-image\" ><\/div><\/div><div class=\"tatsu-overlay tatsu-column-overlay tatsu-animate-none\" ><\/div><\/div><style>.tatsu-row > .tatsu-i9k4fxodmy8g3pr9.tatsu-column{width: 66.67%;}.tatsu-i9k4fxodmy8g3pr9.tatsu-column > .tatsu-column-inner > .tatsu-column-overlay{mix-blend-mode: normal;}.tatsu-i9k4fxodmy8g3pr9 > .tatsu-column-inner > .tatsu-top-divider{z-index: 9999;}.tatsu-i9k4fxodmy8g3pr9 > .tatsu-column-inner > .tatsu-bottom-divider{z-index: 9999;}.tatsu-i9k4fxodmy8g3pr9 > .tatsu-column-inner > .tatsu-left-divider{z-index: 9999;}.tatsu-i9k4fxodmy8g3pr9 > .tatsu-column-inner > .tatsu-right-divider{z-index: 9999;}@media only screen and (max-width:1377px) {.tatsu-row > .tatsu-i9k4fxodmy8g3pr9.tatsu-column{width: 66.67%;}}@media only screen and (min-width:768px) and (max-width: 1024px) {.tatsu-row > .tatsu-i9k4fxodmy8g3pr9.tatsu-column{width: 66.67%;}}@media only screen and (max-width: 767px) {.tatsu-row > .tatsu-i9k4fxodmy8g3pr9.tatsu-column{width: 100%;}}<\/style><\/div><div  class=\"tatsu-column  tatsu-bg-overlay tatsu-one-third tatsu-column-image-none tatsu-column-effect-none  tatsu-i9k4fxoe643iv3sh\"  data-parallax-speed=\"0\" style=\"\"><div class=\"tatsu-column-inner \" ><div class=\"tatsu-column-pad-wrap\"><div class=\"tatsu-column-pad\" ><div  class=\"tatsu-module tatsu-text-block-wrap tatsu-i9k4fxoe7t98jq44  \"><div class=\"tatsu-text-inner tatsu-align-center  clearfix\" ><style>.tatsu-i9k4fxoe7t98jq44.tatsu-text-block-wrap .tatsu-text-inner{width: 100%;text-align: left;}<\/style>\n<p>Esto puede lograrse a trav\u00e9s de los sabores ricos y complejos de uvas cultivadas en vi\u00f1as antiguas que requieren menos agua.<br data-start=\"1296\" data-end=\"1299\" \/>O encontrando formas de reducir el sulfuro y el az\u00facar, asegurando al mismo tiempo uvas de origen \u00e9tico y una producci\u00f3n responsable.<\/p>\n<\/div><\/div><\/div><\/div><div class = \"tatsu-column-bg-image-wrap\"><div class = \"tatsu-column-bg-image\" ><\/div><\/div><div class=\"tatsu-overlay tatsu-column-overlay tatsu-animate-none\" ><\/div><\/div><style>.tatsu-row > .tatsu-i9k4fxoe643iv3sh.tatsu-column{width: 33.33%;}.tatsu-i9k4fxoe643iv3sh.tatsu-column > .tatsu-column-inner > .tatsu-column-overlay{mix-blend-mode: normal;}.tatsu-i9k4fxoe643iv3sh > .tatsu-column-inner > .tatsu-top-divider{z-index: 9999;}.tatsu-i9k4fxoe643iv3sh > .tatsu-column-inner > .tatsu-bottom-divider{z-index: 9999;}.tatsu-i9k4fxoe643iv3sh > .tatsu-column-inner > .tatsu-left-divider{z-index: 9999;}.tatsu-i9k4fxoe643iv3sh > .tatsu-column-inner > .tatsu-right-divider{z-index: 9999;}@media only screen and (max-width:1377px) {.tatsu-row > .tatsu-i9k4fxoe643iv3sh.tatsu-column{width: 33.33%;}}@media only screen and (min-width:768px) and (max-width: 1024px) {.tatsu-row > .tatsu-i9k4fxoe643iv3sh.tatsu-column{width: 33.33%;}}@media only screen and (max-width: 767px) {.tatsu-row > .tatsu-i9k4fxoe643iv3sh.tatsu-column{width: 100%;}}<\/style><\/div><\/div><\/div><\/div><div class=\"tatsu-section-background-wrap\"><div class = \"tatsu-section-background\" ><\/div><\/div><div class=\"tatsu-overlay tatsu-section-overlay\"><\/div><style>.tatsu-i9k4fxodi2ajr3f2 .tatsu-section-pad{padding: 90px 0px 90px 0px;}.tatsu-i9k4fxodi2ajr3f2 .tatsu-section-offset-wrap{transform: translateY(-0px);}.tatsu-i9k4fxodi2ajr3f2 > .tatsu-bottom-divider{z-index: 9999;}.tatsu-i9k4fxodi2ajr3f2 > .tatsu-top-divider{z-index: 9999;}.tatsu-i9k4fxodi2ajr3f2 .tatsu-section-overlay{mix-blend-mode: normal;}<\/style><\/div><div  class=\"tatsu-i9k4g4v7y7f2hw3l tatsu-section  tatsu-bg-overlay   tatsu-clearfix\" data-title=\"\"  data-headerscheme=\"background--dark\"><div class='tatsu-section-pad clearfix' data-padding='{\"d\":\"90px 0px 90px 0px\"}' data-padding-top='90px'><div class=\"tatsu-row-wrap  tatsu-wrap tatsu-row-has-two-cols tatsu-medium-gutter tatsu-reg-cols  tatsu-clearfix tatsu-i9k4g4v7zidu3290\" ><div  class=\"tatsu-row \" ><div  class=\"tatsu-column  tatsu-bg-overlay tatsu-one-third tatsu-column-image-none tatsu-column-effect-none  tatsu-i9k4g4v819ccxhp\"  data-parallax-speed=\"0\" style=\"\"><div class=\"tatsu-column-inner \" ><div class=\"tatsu-column-pad-wrap\"><div class=\"tatsu-column-pad\" ><div  class=\"tatsu-module tatsu-text-block-wrap tatsu-i9k4g4v826cm3wab  \"><div class=\"tatsu-text-inner tatsu-align-center  clearfix\" ><style>.tatsu-i9k4g4v826cm3wab.tatsu-text-block-wrap .tatsu-text-inner{width: 100%;text-align: left;}<\/style>\n<p>O quiz\u00e1s se trate de utilizar nuestra red de bodegas artesanales e independientes de tradici\u00f3n familiar, donde los m\u00e9todos vitivin\u00edcolas tradicionales han sido perfeccionados con el tiempo y transmitidos de generaci\u00f3n en generaci\u00f3n.<\/p>\n<\/div><\/div><\/div><\/div><div class = \"tatsu-column-bg-image-wrap\"><div class = \"tatsu-column-bg-image\" ><\/div><\/div><div class=\"tatsu-overlay tatsu-column-overlay tatsu-animate-none\" ><\/div><\/div><style>.tatsu-row > .tatsu-i9k4g4v819ccxhp.tatsu-column{width: 33.33%;}.tatsu-i9k4g4v819ccxhp.tatsu-column > .tatsu-column-inner > .tatsu-column-overlay{mix-blend-mode: normal;}.tatsu-i9k4g4v819ccxhp > .tatsu-column-inner > .tatsu-top-divider{z-index: 9999;}.tatsu-i9k4g4v819ccxhp > .tatsu-column-inner > .tatsu-bottom-divider{z-index: 9999;}.tatsu-i9k4g4v819ccxhp > .tatsu-column-inner > .tatsu-left-divider{z-index: 9999;}.tatsu-i9k4g4v819ccxhp > .tatsu-column-inner > .tatsu-right-divider{z-index: 9999;}@media only screen and (max-width:1377px) {.tatsu-row > .tatsu-i9k4g4v819ccxhp.tatsu-column{width: 33.33%;}}@media only screen and (min-width:768px) and (max-width: 1024px) {.tatsu-row > .tatsu-i9k4g4v819ccxhp.tatsu-column{width: 33.33%;}}@media only screen and (max-width: 767px) {.tatsu-row > .tatsu-i9k4g4v819ccxhp.tatsu-column{width: 100%;}}<\/style><\/div><div  class=\"tatsu-column  tatsu-bg-overlay tatsu-two-third tatsu-column-image-none tatsu-column-effect-none  tatsu-i9k4g4v85q9v9j77\"  data-parallax-speed=\"0\" style=\"\"><div class=\"tatsu-column-inner \" ><div class=\"tatsu-column-pad-wrap\"><div class=\"tatsu-column-pad\" ><div  class=\"tatsu-single-image tatsu-module tatsu-image-lazyload tatsu-i9k4g4v8j9f1jjt9  \" ><div class=\"tatsu-single-image-inner \" style=\"width : 1774px;\" ><div class = \"tatsu-single-image-padding-wrap\" style = \"padding-bottom : 66.62908680947%;\" ><\/div><img class = \"tatsu-gradient-border\" alt = \"\" title = \"L=M 03\" data-src = \"https:\/\/santairenewines.com\/wp-content\/uploads\/2026\/01\/LM-03.jpg\" src =\"data:image\/png;base64,iVBORw0KGgoAAAANSUhEUgAAAAEAAAABCAQAAAC1HAwCAAAAC0lEQVR42mNkYAAAAAYAAjCB0C8AAAAASUVORK5CYII=\"  \/><\/div><style>.tatsu-i9k4g4v8j9f1jjt9 .tatsu-single-image-inner{border-style: solid;max-width: 100%;}.tatsu-i9k4g4v8j9f1jjt9.tatsu-single-image{transform: translate3d(0px,0px, 0);}<\/style><\/div><\/div><\/div><div class = \"tatsu-column-bg-image-wrap\"><div class = \"tatsu-column-bg-image\" ><\/div><\/div><div class=\"tatsu-overlay tatsu-column-overlay tatsu-animate-none\" ><\/div><\/div><style>.tatsu-row > .tatsu-i9k4g4v85q9v9j77.tatsu-column{width: 66.67%;}.tatsu-i9k4g4v85q9v9j77.tatsu-column > .tatsu-column-inner > .tatsu-column-overlay{mix-blend-mode: normal;}.tatsu-i9k4g4v85q9v9j77 > .tatsu-column-inner > .tatsu-top-divider{z-index: 9999;}.tatsu-i9k4g4v85q9v9j77 > .tatsu-column-inner > .tatsu-bottom-divider{z-index: 9999;}.tatsu-i9k4g4v85q9v9j77 > .tatsu-column-inner > .tatsu-left-divider{z-index: 9999;}.tatsu-i9k4g4v85q9v9j77 > .tatsu-column-inner > .tatsu-right-divider{z-index: 9999;}@media only screen and (max-width:1377px) {.tatsu-row > .tatsu-i9k4g4v85q9v9j77.tatsu-column{width: 66.67%;}}@media only screen and (min-width:768px) and (max-width: 1024px) {.tatsu-row > .tatsu-i9k4g4v85q9v9j77.tatsu-column{width: 66.67%;}}@media only screen and (max-width: 767px) {.tatsu-row > .tatsu-i9k4g4v85q9v9j77.tatsu-column{width: 100%;}}<\/style><\/div><\/div><\/div><\/div><div class=\"tatsu-section-background-wrap\"><div class = \"tatsu-section-background\" ><\/div><\/div><div class=\"tatsu-overlay tatsu-section-overlay\"><\/div><style>.tatsu-i9k4g4v7y7f2hw3l .tatsu-section-pad{padding: 90px 0px 90px 0px;}.tatsu-i9k4g4v7y7f2hw3l .tatsu-section-offset-wrap{transform: translateY(-0px);}.tatsu-i9k4g4v7y7f2hw3l > .tatsu-bottom-divider{z-index: 9999;}.tatsu-i9k4g4v7y7f2hw3l > .tatsu-top-divider{z-index: 9999;}.tatsu-i9k4g4v7y7f2hw3l .tatsu-section-overlay{mix-blend-mode: normal;}<\/style><\/div><div  class=\"tatsu-i9k4gkqx6obbcd22 tatsu-section    tatsu-clearfix\" data-title=\"\"  data-headerscheme=\"background--dark\"><div class='tatsu-section-pad clearfix' data-padding='{\"d\":\"90px 0px 89px 0px\"}' data-padding-top='90px'><div class=\"tatsu-row-wrap  tatsu-wrap tatsu-row-one-col tatsu-row-has-one-cols tatsu-medium-gutter tatsu-reg-cols  tatsu-clearfix tatsu-i9k4gkqx8nfb91ka\" ><div  class=\"tatsu-row \" ><div  class=\"tatsu-column  tatsu-column-no-bg tatsu-one-col tatsu-column-image-none tatsu-column-effect-none  tatsu-i9k4gkqxandfpbwd\"  data-parallax-speed=\"0\" style=\"\"><div class=\"tatsu-column-inner \" ><div class=\"tatsu-column-pad-wrap\"><div class=\"tatsu-column-pad\" ><div  class=\"tatsu-module tatsu-inline-text clearfix tatsu-i9k4gkqxbrapdd8y   \" ><style>.tatsu-i9k4gkqxbrapdd8y .tatsu-inline-text-inner{width: 100%;text-align: left;}@media only screen and (max-width: 767px) {.tatsu-i9k4gkqxbrapdd8y .tatsu-inline-text-inner{width: 100%;}}<\/style><div class=\"tatsu-inline-text-inner tatsu-align-center\">\n<h3 style=\"text-align: center;\"><span class=\"h4 \" style=\"color: #ffffff;\">Siempre hacemos m\u00e1s para usar menos.<\/span><\/h3>\n<\/div><\/div><div  class=\"tatsu-module tatsu-inline-text clearfix tatsu-i9k4gkqxgj6q90r8   \" ><style>.tatsu-i9k4gkqxgj6q90r8 .tatsu-inline-text-inner{width: 70%;text-align: left;}<\/style><div class=\"tatsu-inline-text-inner tatsu-align-center\">\n<h5 style=\"text-align: center;\"><span style=\"color: #ffffff;\">Y, por supuesto, nuestro packaging tambi\u00e9n est\u00e1 dise\u00f1ado para reducir residuos: usamos menos vidrio en nuestras botellas, selladas con corcho natural, y ponemos mayor foco en los vinos excepcionales y sustentables que contienen.<\/span><\/h5>\n<\/div><\/div><\/div><\/div><div class = \"tatsu-column-bg-image-wrap\"><div class = \"tatsu-column-bg-image\" ><\/div><\/div><\/div><style>.tatsu-row > .tatsu-i9k4gkqxandfpbwd.tatsu-column{width: 100%;}.tatsu-i9k4gkqxandfpbwd.tatsu-column > .tatsu-column-inner > .tatsu-column-overlay{mix-blend-mode: none;}.tatsu-i9k4gkqxandfpbwd > .tatsu-column-inner > .tatsu-top-divider{z-index: 9999;}.tatsu-i9k4gkqxandfpbwd > .tatsu-column-inner > .tatsu-bottom-divider{z-index: 9999;}.tatsu-i9k4gkqxandfpbwd > .tatsu-column-inner > .tatsu-left-divider{z-index: 9999;}.tatsu-i9k4gkqxandfpbwd > .tatsu-column-inner > .tatsu-right-divider{z-index: 9999;}<\/style><\/div><\/div><\/div><\/div><div class=\"tatsu-section-background-wrap\"><div class = \"tatsu-section-background\" ><\/div><\/div><style>.tatsu-i9k4gkqx6obbcd22.tatsu-section{background-color: rgba(49,49,49,1);}.tatsu-i9k4gkqx6obbcd22 .tatsu-section-pad{padding: 90px 0px 89px 0px;}.tatsu-i9k4gkqx6obbcd22 > .tatsu-bottom-divider{z-index: 9999;}.tatsu-i9k4gkqx6obbcd22 > .tatsu-top-divider{z-index: 9999;}<\/style><\/div><div  class=\"tatsu-i9k4gxtyc2amyh1j tatsu-section  tatsu-bg-overlay   tatsu-clearfix\" data-title=\"\"  data-headerscheme=\"background--dark\"><div class='tatsu-section-pad clearfix' data-padding='{\"d\":\"90px 0px 90px 0px\"}' data-padding-top='90px'><div class=\"tatsu-row-wrap  tatsu-wrap tatsu-row-one-col tatsu-row-has-one-cols tatsu-medium-gutter tatsu-reg-cols  tatsu-clearfix tatsu-i9k4gxtye7692c21\" ><div  class=\"tatsu-row \" ><div  class=\"tatsu-column  tatsu-bg-overlay tatsu-one-col tatsu-column-image-none tatsu-column-effect-none  tatsu-i9k4gxtygy8efwqc\"  data-parallax-speed=\"0\" style=\"\"><div class=\"tatsu-column-inner \" ><div class=\"tatsu-column-pad-wrap\"><div class=\"tatsu-column-pad\" ><div  class=\"tatsu-single-image tatsu-module tatsu-image-lazyload tatsu-i9k4gxtz1i1xfa3j  \" ><div class=\"tatsu-single-image-inner \" style=\"width : 2560px;\" ><div class = \"tatsu-single-image-padding-wrap\" style = \"padding-bottom : 66.6796875%;\" ><\/div><img class = \"tatsu-gradient-border\" alt = \"\" title = \"EL CRETINO WEB 04\" data-src = \"https:\/\/santairenewines.com\/wp-content\/uploads\/2026\/01\/EL-CRETINO-WEB-04-scaled.png\" src =\"data:image\/png;base64,iVBORw0KGgoAAAANSUhEUgAAAAEAAAABCAQAAAC1HAwCAAAAC0lEQVR42mNkYAAAAAYAAjCB0C8AAAAASUVORK5CYII=\"  \/><\/div><style>.tatsu-i9k4gxtz1i1xfa3j .tatsu-single-image-inner{border-style: solid;max-width: 100%;}.tatsu-i9k4gxtz1i1xfa3j.tatsu-single-image{transform: translate3d(0px,0px, 0);}<\/style><\/div><\/div><\/div><div class = \"tatsu-column-bg-image-wrap\"><div class = \"tatsu-column-bg-image\" ><\/div><\/div><div class=\"tatsu-overlay tatsu-column-overlay tatsu-animate-none\" ><\/div><\/div><style>.tatsu-row > .tatsu-i9k4gxtygy8efwqc.tatsu-column{width: 100%;}.tatsu-i9k4gxtygy8efwqc.tatsu-column > .tatsu-column-inner > .tatsu-column-overlay{mix-blend-mode: normal;}.tatsu-i9k4gxtygy8efwqc > .tatsu-column-inner > .tatsu-top-divider{z-index: 9999;}.tatsu-i9k4gxtygy8efwqc > .tatsu-column-inner > .tatsu-bottom-divider{z-index: 9999;}.tatsu-i9k4gxtygy8efwqc > .tatsu-column-inner > .tatsu-left-divider{z-index: 9999;}.tatsu-i9k4gxtygy8efwqc > .tatsu-column-inner > .tatsu-right-divider{z-index: 9999;}@media only screen and (max-width:1377px) {.tatsu-row > .tatsu-i9k4gxtygy8efwqc.tatsu-column{width: 100%;}}@media only screen and (min-width:768px) and (max-width: 1024px) {.tatsu-row > .tatsu-i9k4gxtygy8efwqc.tatsu-column{width: 100%;}}@media only screen and (max-width: 767px) {.tatsu-row > .tatsu-i9k4gxtygy8efwqc.tatsu-column{width: 100%;}}<\/style><\/div><\/div><\/div><\/div><div class=\"tatsu-section-background-wrap\"><div class = \"tatsu-section-background\" ><\/div><\/div><div class=\"tatsu-overlay tatsu-section-overlay\"><\/div><style>.tatsu-i9k4gxtyc2amyh1j .tatsu-section-pad{padding: 90px 0px 90px 0px;}.tatsu-i9k4gxtyc2amyh1j .tatsu-section-offset-wrap{transform: translateY(-0px);}.tatsu-i9k4gxtyc2amyh1j > .tatsu-bottom-divider{z-index: 9999;}.tatsu-i9k4gxtyc2amyh1j > .tatsu-top-divider{z-index: 9999;}.tatsu-i9k4gxtyc2amyh1j .tatsu-section-overlay{mix-blend-mode: normal;}<\/style><\/div>\n","protected":false},"excerpt":{"rendered":"<p><a href=\"https:\/\/santairenewines.com\/index.php\/el-cretino\/\" class=\"more-link style2-button\">Read More<\/a><\/p>","protected":false},"author":1,"featured_media":0,"parent":0,"menu_order":0,"comment_status":"closed","ping_status":"closed","template":"","meta":{"_acf_changed":false,"footnotes":""},"class_list":["post-3045","page","type-page","status-publish","hentry"],"acf":[],"_links":{"self":[{"href":"https:\/\/santairenewines.com\/index.php\/wp-json\/wp\/v2\/pages\/3045","targetHints":{"allow":["GET"]}}],"collection":[{"href":"https:\/\/santairenewines.com\/index.php\/wp-json\/wp\/v2\/pages"}],"about":[{"href":"https:\/\/santairenewines.com\/index.php\/wp-json\/wp\/v2\/types\/page"}],"author":[{"embeddable":true,"href":"https:\/\/santairenewines.com\/index.php\/wp-json\/wp\/v2\/users\/1"}],"replies":[{"embeddable":true,"href":"https:\/\/santairenewines.com\/index.php\/wp-json\/wp\/v2\/comments?post=3045"}],"version-history":[{"count":3,"href":"https:\/\/santairenewines.com\/index.php\/wp-json\/wp\/v2\/pages\/3045\/revisions"}],"predecessor-version":[{"id":3155,"href":"https:\/\/santairenewines.com\/index.php\/wp-json\/wp\/v2\/pages\/3045\/revisions\/3155"}],"wp:attachment":[{"href":"https:\/\/santairenewines.com\/index.php\/wp-json\/wp\/v2\/media?parent=3045"}],"curies":[{"name":"wp","href":"https:\/\/api.w.org\/{rel}","templated":true}]}}