{"id":3043,"date":"2026-01-22T16:27:07","date_gmt":"2026-01-22T16:27:07","guid":{"rendered":"https:\/\/santairenewines.com\/?page_id=3043"},"modified":"2026-01-23T22:42:11","modified_gmt":"2026-01-23T22:42:11","slug":"ladro-q-perra","status":"publish","type":"page","link":"https:\/\/santairenewines.com\/index.php\/ladro-q-perra\/","title":{"rendered":"LADRO Q PERRA"},"content":{"rendered":"<div  class=\"tatsu-i9jzcqnofme5l2tq tatsu-section  tatsu-bg-overlay   tatsu-clearfix\" data-title=\"\"  data-headerscheme=\"background--dark\"><div class='tatsu-section-pad clearfix' data-padding='{\"d\":\"90px 0px 90px 0px\"}' data-padding-top='90px'><div class=\"tatsu-row-wrap  tatsu-wrap tatsu-row-has-two-cols tatsu-medium-gutter tatsu-reg-cols  tatsu-clearfix tatsu-i9jzcqnoh64qdw61\" ><div  class=\"tatsu-row \" ><div  class=\"tatsu-column  tatsu-bg-overlay tatsu-one-third tatsu-column-image-none tatsu-column-effect-none  tatsu-i9jzcqnoj8fwu4su\"  data-parallax-speed=\"0\" style=\"\"><div class=\"tatsu-column-inner \" ><div class=\"tatsu-column-pad-wrap\"><div class=\"tatsu-column-pad\" ><div  class=\"tatsu-module tatsu-inline-text clearfix tatsu-i9jzcqnok8e948m8   \" ><style>.tatsu-i9jzcqnok8e948m8 .tatsu-inline-text-inner{width: 100%;text-align: left;}@media only screen and (max-width: 767px) {.tatsu-i9jzcqnok8e948m8 .tatsu-inline-text-inner{width: 100%;}}<\/style><div class=\"tatsu-inline-text-inner tatsu-align-center\">\n<h1>LADRO Q PERRA<\/h1>\n<\/div><\/div><div  class=\"tatsu-module tatsu-text-block-wrap tatsu-i9jzcqnong81b0ej  \"><div class=\"tatsu-text-inner tatsu-align-center  clearfix\" ><style>.tatsu-i9jzcqnong81b0ej.tatsu-text-block-wrap .tatsu-text-inner{width: 100%;text-align: left;}<\/style>\n<p><strong data-start=\"692\" data-end=\"788\">Nuestra historia comienza con la sustentabilidad.<br data-start=\"743\" data-end=\"746\" \/>M\u00e1s sabor y menor impacto en el planeta.<\/strong><br data-start=\"788\" data-end=\"791\" \/>No creemos que exista una sola forma de producir mejores vinos, por eso buscamos constantemente nuevas oportunidades para hacerlo.<\/p>\n<\/div><\/div><\/div><\/div><div class = \"tatsu-column-bg-image-wrap\"><div class = \"tatsu-column-bg-image\" ><\/div><\/div><div class=\"tatsu-overlay tatsu-column-overlay tatsu-animate-none\" ><\/div><\/div><style>.tatsu-row > .tatsu-i9jzcqnoj8fwu4su.tatsu-column{width: 33.33%;}.tatsu-i9jzcqnoj8fwu4su.tatsu-column > .tatsu-column-inner > .tatsu-column-overlay{mix-blend-mode: normal;}.tatsu-i9jzcqnoj8fwu4su > .tatsu-column-inner > .tatsu-top-divider{z-index: 9999;}.tatsu-i9jzcqnoj8fwu4su > .tatsu-column-inner > .tatsu-bottom-divider{z-index: 9999;}.tatsu-i9jzcqnoj8fwu4su > .tatsu-column-inner > .tatsu-left-divider{z-index: 9999;}.tatsu-i9jzcqnoj8fwu4su > .tatsu-column-inner > .tatsu-right-divider{z-index: 9999;}@media only screen and (max-width:1377px) {.tatsu-row > .tatsu-i9jzcqnoj8fwu4su.tatsu-column{width: 33.33%;}}@media only screen and (min-width:768px) and (max-width: 1024px) {.tatsu-row > .tatsu-i9jzcqnoj8fwu4su.tatsu-column{width: 33.33%;}}@media only screen and (max-width: 767px) {.tatsu-row > .tatsu-i9jzcqnoj8fwu4su.tatsu-column{width: 100%;}}<\/style><\/div><div  class=\"tatsu-column  tatsu-bg-overlay tatsu-two-third tatsu-column-image-none tatsu-column-effect-none  tatsu-i9jzcqnop6dqrlmk\"  data-parallax-speed=\"0\" style=\"\"><div class=\"tatsu-column-inner \" ><div class=\"tatsu-column-pad-wrap\"><div class=\"tatsu-column-pad\" ><div  class=\"tatsu-single-image tatsu-module tatsu-image-lazyload tatsu-i9jzcqnp2i3msl4q  \" ><div class=\"tatsu-single-image-inner \" style=\"width : 2560px;\" ><div class = \"tatsu-single-image-padding-wrap\" style = \"padding-bottom : 66.640625%;\" ><\/div><img class = \"tatsu-gradient-border\" alt = \"\" title = \"LQP WEB 04\" data-src = \"https:\/\/santairenewines.com\/wp-content\/uploads\/2026\/01\/LQP-WEB-04-scaled.png\" src =\"data:image\/png;base64,iVBORw0KGgoAAAANSUhEUgAAAAEAAAABCAQAAAC1HAwCAAAAC0lEQVR42mNkYAAAAAYAAjCB0C8AAAAASUVORK5CYII=\"  \/><\/div><style>.tatsu-i9jzcqnp2i3msl4q .tatsu-single-image-inner{border-style: solid;max-width: 100%;}.tatsu-i9jzcqnp2i3msl4q.tatsu-single-image{transform: translate3d(0px,0px, 0);}<\/style><\/div><\/div><\/div><div class = \"tatsu-column-bg-image-wrap\"><div class = \"tatsu-column-bg-image\" ><\/div><\/div><div class=\"tatsu-overlay tatsu-column-overlay tatsu-animate-none\" ><\/div><\/div><style>.tatsu-row > .tatsu-i9jzcqnop6dqrlmk.tatsu-column{width: 66.67%;}.tatsu-i9jzcqnop6dqrlmk.tatsu-column > .tatsu-column-inner > .tatsu-column-overlay{mix-blend-mode: normal;}.tatsu-i9jzcqnop6dqrlmk > .tatsu-column-inner > .tatsu-top-divider{z-index: 9999;}.tatsu-i9jzcqnop6dqrlmk > .tatsu-column-inner > .tatsu-bottom-divider{z-index: 9999;}.tatsu-i9jzcqnop6dqrlmk > .tatsu-column-inner > .tatsu-left-divider{z-index: 9999;}.tatsu-i9jzcqnop6dqrlmk > .tatsu-column-inner > .tatsu-right-divider{z-index: 9999;}@media only screen and (max-width:1377px) {.tatsu-row > .tatsu-i9jzcqnop6dqrlmk.tatsu-column{width: 66.67%;}}@media only screen and (min-width:768px) and (max-width: 1024px) {.tatsu-row > .tatsu-i9jzcqnop6dqrlmk.tatsu-column{width: 66.67%;}}@media only screen and (max-width: 767px) {.tatsu-row > .tatsu-i9jzcqnop6dqrlmk.tatsu-column{width: 100%;}}<\/style><\/div><\/div><\/div><\/div><div class=\"tatsu-section-background-wrap\"><div class = \"tatsu-section-background\" ><\/div><\/div><div class=\"tatsu-overlay tatsu-section-overlay\"><\/div><style>.tatsu-i9jzcqnofme5l2tq .tatsu-section-pad{padding: 90px 0px 90px 0px;}.tatsu-i9jzcqnofme5l2tq .tatsu-section-offset-wrap{transform: translateY(-0px);}.tatsu-i9jzcqnofme5l2tq > .tatsu-bottom-divider{z-index: 9999;}.tatsu-i9jzcqnofme5l2tq > .tatsu-top-divider{z-index: 9999;}.tatsu-i9jzcqnofme5l2tq .tatsu-section-overlay{mix-blend-mode: normal;}<\/style><\/div><div  class=\"tatsu-i9jzd9484n11kliv tatsu-section  tatsu-bg-overlay   tatsu-clearfix\" data-title=\"\"  data-headerscheme=\"background--dark\"><div class='tatsu-section-pad clearfix' data-padding='{\"d\":\"90px 0px 90px 0px\"}' data-padding-top='90px'><div class=\"tatsu-row-wrap  tatsu-wrap tatsu-row-has-two-cols tatsu-medium-gutter tatsu-reg-cols  tatsu-clearfix tatsu-i9jzd9486ub3q1fk\" ><div  class=\"tatsu-row \" ><div  class=\"tatsu-column  tatsu-bg-overlay tatsu-two-third tatsu-column-image-none tatsu-column-effect-none  tatsu-i9jzd9488lbcjotx\"  data-parallax-speed=\"0\" style=\"\"><div class=\"tatsu-column-inner \" ><div class=\"tatsu-column-pad-wrap\"><div class=\"tatsu-column-pad\" ><div  class=\"tatsu-single-image tatsu-module tatsu-image-lazyload tatsu-i9jzd948jsfa75n6  \" ><div class=\"tatsu-single-image-inner \" style=\"width : 2560px;\" ><div class = \"tatsu-single-image-padding-wrap\" style = \"padding-bottom : 66.640625%;\" ><\/div><img class = \"tatsu-gradient-border\" alt = \"\" title = \"LQP WEB 02\" data-src = \"https:\/\/santairenewines.com\/wp-content\/uploads\/2026\/01\/LQP-WEB-02-scaled.png\" src =\"data:image\/png;base64,iVBORw0KGgoAAAANSUhEUgAAAAEAAAABCAQAAAC1HAwCAAAAC0lEQVR42mNkYAAAAAYAAjCB0C8AAAAASUVORK5CYII=\"  \/><\/div><style>.tatsu-i9jzd948jsfa75n6 .tatsu-single-image-inner{border-style: solid;max-width: 100%;}.tatsu-i9jzd948jsfa75n6.tatsu-single-image{transform: translate3d(0px,0px, 0);}<\/style><\/div><\/div><\/div><div class = \"tatsu-column-bg-image-wrap\"><div class = \"tatsu-column-bg-image\" ><\/div><\/div><div class=\"tatsu-overlay tatsu-column-overlay tatsu-animate-none\" ><\/div><\/div><style>.tatsu-row > .tatsu-i9jzd9488lbcjotx.tatsu-column{width: 66.67%;}.tatsu-i9jzd9488lbcjotx.tatsu-column > .tatsu-column-inner > .tatsu-column-overlay{mix-blend-mode: normal;}.tatsu-i9jzd9488lbcjotx > .tatsu-column-inner > .tatsu-top-divider{z-index: 9999;}.tatsu-i9jzd9488lbcjotx > .tatsu-column-inner > .tatsu-bottom-divider{z-index: 9999;}.tatsu-i9jzd9488lbcjotx > .tatsu-column-inner > .tatsu-left-divider{z-index: 9999;}.tatsu-i9jzd9488lbcjotx > .tatsu-column-inner > .tatsu-right-divider{z-index: 9999;}@media only screen and (max-width:1377px) {.tatsu-row > .tatsu-i9jzd9488lbcjotx.tatsu-column{width: 66.67%;}}@media only screen and (min-width:768px) and (max-width: 1024px) {.tatsu-row > .tatsu-i9jzd9488lbcjotx.tatsu-column{width: 66.67%;}}@media only screen and (max-width: 767px) {.tatsu-row > .tatsu-i9jzd9488lbcjotx.tatsu-column{width: 100%;}}<\/style><\/div><div  class=\"tatsu-column  tatsu-bg-overlay tatsu-one-third tatsu-column-image-none tatsu-column-effect-none  tatsu-i9jzd948l059i3lc\"  data-parallax-speed=\"0\" style=\"\"><div class=\"tatsu-column-inner \" ><div class=\"tatsu-column-pad-wrap\"><div class=\"tatsu-column-pad\" ><div  class=\"tatsu-module tatsu-text-block-wrap tatsu-i9jzd948m22sitmf  \"><div class=\"tatsu-text-inner tatsu-align-center  clearfix\" ><style>.tatsu-i9jzd948m22sitmf.tatsu-text-block-wrap .tatsu-text-inner{width: 100%;text-align: left;}<\/style>\n<p>Esto puede lograrse a trav\u00e9s de los sabores ricos y complejos de uvas cultivadas en vi\u00f1as antiguas que requieren menos agua.<br data-start=\"1296\" data-end=\"1299\" \/>O encontrando formas de reducir el sulfuro y el az\u00facar, asegurando al mismo tiempo uvas de origen \u00e9tico y una producci\u00f3n responsable.<\/p>\n<\/div><\/div><\/div><\/div><div class = \"tatsu-column-bg-image-wrap\"><div class = \"tatsu-column-bg-image\" ><\/div><\/div><div class=\"tatsu-overlay tatsu-column-overlay tatsu-animate-none\" ><\/div><\/div><style>.tatsu-row > .tatsu-i9jzd948l059i3lc.tatsu-column{width: 33.33%;}.tatsu-i9jzd948l059i3lc.tatsu-column > .tatsu-column-inner > .tatsu-column-overlay{mix-blend-mode: normal;}.tatsu-i9jzd948l059i3lc > .tatsu-column-inner > .tatsu-top-divider{z-index: 9999;}.tatsu-i9jzd948l059i3lc > .tatsu-column-inner > .tatsu-bottom-divider{z-index: 9999;}.tatsu-i9jzd948l059i3lc > .tatsu-column-inner > .tatsu-left-divider{z-index: 9999;}.tatsu-i9jzd948l059i3lc > .tatsu-column-inner > .tatsu-right-divider{z-index: 9999;}@media only screen and (max-width:1377px) {.tatsu-row > .tatsu-i9jzd948l059i3lc.tatsu-column{width: 33.33%;}}@media only screen and (min-width:768px) and (max-width: 1024px) {.tatsu-row > .tatsu-i9jzd948l059i3lc.tatsu-column{width: 33.33%;}}@media only screen and (max-width: 767px) {.tatsu-row > .tatsu-i9jzd948l059i3lc.tatsu-column{width: 100%;}}<\/style><\/div><\/div><\/div><\/div><div class=\"tatsu-section-background-wrap\"><div class = \"tatsu-section-background\" ><\/div><\/div><div class=\"tatsu-overlay tatsu-section-overlay\"><\/div><style>.tatsu-i9jzd9484n11kliv .tatsu-section-pad{padding: 90px 0px 90px 0px;}.tatsu-i9jzd9484n11kliv .tatsu-section-offset-wrap{transform: translateY(-0px);}.tatsu-i9jzd9484n11kliv > .tatsu-bottom-divider{z-index: 9999;}.tatsu-i9jzd9484n11kliv > .tatsu-top-divider{z-index: 9999;}.tatsu-i9jzd9484n11kliv .tatsu-section-overlay{mix-blend-mode: normal;}<\/style><\/div><div  class=\"tatsu-i9jzdpcgw293oi5p tatsu-section  tatsu-bg-overlay   tatsu-clearfix\" data-title=\"\"  data-headerscheme=\"background--dark\"><div class='tatsu-section-pad clearfix' data-padding='{\"d\":\"90px 0px 90px 0px\"}' data-padding-top='90px'><div class=\"tatsu-row-wrap  tatsu-wrap tatsu-row-has-two-cols tatsu-medium-gutter tatsu-reg-cols  tatsu-clearfix tatsu-i9jzdpcgxeb8iga8\" ><div  class=\"tatsu-row \" ><div  class=\"tatsu-column  tatsu-bg-overlay tatsu-one-third tatsu-column-image-none tatsu-column-effect-none  tatsu-i9jzdpcgza3knigi\"  data-parallax-speed=\"0\" style=\"\"><div class=\"tatsu-column-inner \" ><div class=\"tatsu-column-pad-wrap\"><div class=\"tatsu-column-pad\" ><div  class=\"tatsu-module tatsu-text-block-wrap tatsu-i9jzdpch0a38ylg7  \"><div class=\"tatsu-text-inner tatsu-align-center  clearfix\" ><style>.tatsu-i9jzdpch0a38ylg7.tatsu-text-block-wrap .tatsu-text-inner{width: 100%;text-align: left;}<\/style>\n<p>O quiz\u00e1s se trate de utilizar nuestra red de bodegas artesanales e independientes de tradici\u00f3n familiar, donde los m\u00e9todos vitivin\u00edcolas tradicionales han sido perfeccionados con el tiempo y transmitidos de generaci\u00f3n en generaci\u00f3n.<\/p>\n<\/div><\/div><\/div><\/div><div class = \"tatsu-column-bg-image-wrap\"><div class = \"tatsu-column-bg-image\" ><\/div><\/div><div class=\"tatsu-overlay tatsu-column-overlay tatsu-animate-none\" ><\/div><\/div><style>.tatsu-row > .tatsu-i9jzdpcgza3knigi.tatsu-column{width: 33.33%;}.tatsu-i9jzdpcgza3knigi.tatsu-column > .tatsu-column-inner > .tatsu-column-overlay{mix-blend-mode: normal;}.tatsu-i9jzdpcgza3knigi > .tatsu-column-inner > .tatsu-top-divider{z-index: 9999;}.tatsu-i9jzdpcgza3knigi > .tatsu-column-inner > .tatsu-bottom-divider{z-index: 9999;}.tatsu-i9jzdpcgza3knigi > .tatsu-column-inner > .tatsu-left-divider{z-index: 9999;}.tatsu-i9jzdpcgza3knigi > .tatsu-column-inner > .tatsu-right-divider{z-index: 9999;}@media only screen and (max-width:1377px) {.tatsu-row > .tatsu-i9jzdpcgza3knigi.tatsu-column{width: 33.33%;}}@media only screen and (min-width:768px) and (max-width: 1024px) {.tatsu-row > .tatsu-i9jzdpcgza3knigi.tatsu-column{width: 33.33%;}}@media only screen and (max-width: 767px) {.tatsu-row > .tatsu-i9jzdpcgza3knigi.tatsu-column{width: 100%;}}<\/style><\/div><div  class=\"tatsu-column  tatsu-bg-overlay tatsu-two-third tatsu-column-image-none tatsu-column-effect-none  tatsu-i9jzdpch462pe7rs\"  data-parallax-speed=\"0\" style=\"\"><div class=\"tatsu-column-inner \" ><div class=\"tatsu-column-pad-wrap\"><div class=\"tatsu-column-pad\" ><div  class=\"tatsu-single-image tatsu-module tatsu-image-lazyload tatsu-i9jzdpchj3ciwg6y  \" ><div class=\"tatsu-single-image-inner \" style=\"width : 1774px;\" ><div class = \"tatsu-single-image-padding-wrap\" style = \"padding-bottom : 66.62908680947%;\" ><\/div><img class = \"tatsu-gradient-border\" alt = \"\" title = \"L=M 03\" data-src = \"https:\/\/santairenewines.com\/wp-content\/uploads\/2026\/01\/LM-03.jpg\" src =\"data:image\/png;base64,iVBORw0KGgoAAAANSUhEUgAAAAEAAAABCAQAAAC1HAwCAAAAC0lEQVR42mNkYAAAAAYAAjCB0C8AAAAASUVORK5CYII=\"  \/><\/div><style>.tatsu-i9jzdpchj3ciwg6y .tatsu-single-image-inner{border-style: solid;max-width: 100%;}.tatsu-i9jzdpchj3ciwg6y.tatsu-single-image{transform: translate3d(0px,0px, 0);}<\/style><\/div><\/div><\/div><div class = \"tatsu-column-bg-image-wrap\"><div class = \"tatsu-column-bg-image\" ><\/div><\/div><div class=\"tatsu-overlay tatsu-column-overlay tatsu-animate-none\" ><\/div><\/div><style>.tatsu-row > .tatsu-i9jzdpch462pe7rs.tatsu-column{width: 66.67%;}.tatsu-i9jzdpch462pe7rs.tatsu-column > .tatsu-column-inner > .tatsu-column-overlay{mix-blend-mode: normal;}.tatsu-i9jzdpch462pe7rs > .tatsu-column-inner > .tatsu-top-divider{z-index: 9999;}.tatsu-i9jzdpch462pe7rs > .tatsu-column-inner > .tatsu-bottom-divider{z-index: 9999;}.tatsu-i9jzdpch462pe7rs > .tatsu-column-inner > .tatsu-left-divider{z-index: 9999;}.tatsu-i9jzdpch462pe7rs > .tatsu-column-inner > .tatsu-right-divider{z-index: 9999;}@media only screen and (max-width:1377px) {.tatsu-row > .tatsu-i9jzdpch462pe7rs.tatsu-column{width: 66.67%;}}@media only screen and (min-width:768px) and (max-width: 1024px) {.tatsu-row > .tatsu-i9jzdpch462pe7rs.tatsu-column{width: 66.67%;}}@media only screen and (max-width: 767px) {.tatsu-row > .tatsu-i9jzdpch462pe7rs.tatsu-column{width: 100%;}}<\/style><\/div><\/div><\/div><\/div><div class=\"tatsu-section-background-wrap\"><div class = \"tatsu-section-background\" ><\/div><\/div><div class=\"tatsu-overlay tatsu-section-overlay\"><\/div><style>.tatsu-i9jzdpcgw293oi5p .tatsu-section-pad{padding: 90px 0px 90px 0px;}.tatsu-i9jzdpcgw293oi5p .tatsu-section-offset-wrap{transform: translateY(-0px);}.tatsu-i9jzdpcgw293oi5p > .tatsu-bottom-divider{z-index: 9999;}.tatsu-i9jzdpcgw293oi5p > .tatsu-top-divider{z-index: 9999;}.tatsu-i9jzdpcgw293oi5p .tatsu-section-overlay{mix-blend-mode: normal;}<\/style><\/div><div  class=\"tatsu-i9jzdy2uct74z7nt tatsu-section    tatsu-clearfix\" data-title=\"\"  data-headerscheme=\"background--dark\"><div class='tatsu-section-pad clearfix' data-padding='{\"d\":\"90px 0px 89px 0px\"}' data-padding-top='90px'><div class=\"tatsu-row-wrap  tatsu-wrap tatsu-row-one-col tatsu-row-has-one-cols tatsu-medium-gutter tatsu-reg-cols  tatsu-clearfix tatsu-i9jzdy2ufta035ji\" ><div  class=\"tatsu-row \" ><div  class=\"tatsu-column  tatsu-column-no-bg tatsu-one-col tatsu-column-image-none tatsu-column-effect-none  tatsu-i9jzdy2ukj8wduw4\"  data-parallax-speed=\"0\" style=\"\"><div class=\"tatsu-column-inner \" ><div class=\"tatsu-column-pad-wrap\"><div class=\"tatsu-column-pad\" ><div  class=\"tatsu-module tatsu-inline-text clearfix tatsu-i9jzdy2un4f9ixz   \" ><style>.tatsu-i9jzdy2un4f9ixz .tatsu-inline-text-inner{width: 100%;text-align: left;}@media only screen and (max-width: 767px) {.tatsu-i9jzdy2un4f9ixz .tatsu-inline-text-inner{width: 100%;}}<\/style><div class=\"tatsu-inline-text-inner tatsu-align-center\">\n<h3 style=\"text-align: center;\"><span class=\"h4 \" style=\"color: #ffffff;\">Siempre hacemos m\u00e1s para usar menos.<\/span><\/h3>\n<\/div><\/div><div  class=\"tatsu-module tatsu-inline-text clearfix tatsu-i9jzdy2uu02ovklk   \" ><style>.tatsu-i9jzdy2uu02ovklk .tatsu-inline-text-inner{width: 70%;text-align: left;}<\/style><div class=\"tatsu-inline-text-inner tatsu-align-center\">\n<h5 style=\"text-align: center;\"><span style=\"color: #ffffff;\">Y, por supuesto, nuestro packaging tambi\u00e9n est\u00e1 dise\u00f1ado para reducir residuos: usamos menos vidrio en nuestras botellas, selladas con corcho natural, y ponemos mayor foco en los vinos excepcionales y sustentables que contienen.<\/span><\/h5>\n<\/div><\/div><\/div><\/div><div class = \"tatsu-column-bg-image-wrap\"><div class = \"tatsu-column-bg-image\" ><\/div><\/div><\/div><style>.tatsu-row > .tatsu-i9jzdy2ukj8wduw4.tatsu-column{width: 100%;}.tatsu-i9jzdy2ukj8wduw4.tatsu-column > .tatsu-column-inner > .tatsu-column-overlay{mix-blend-mode: none;}.tatsu-i9jzdy2ukj8wduw4 > .tatsu-column-inner > .tatsu-top-divider{z-index: 9999;}.tatsu-i9jzdy2ukj8wduw4 > .tatsu-column-inner > .tatsu-bottom-divider{z-index: 9999;}.tatsu-i9jzdy2ukj8wduw4 > .tatsu-column-inner > .tatsu-left-divider{z-index: 9999;}.tatsu-i9jzdy2ukj8wduw4 > .tatsu-column-inner > .tatsu-right-divider{z-index: 9999;}<\/style><\/div><\/div><\/div><\/div><div class=\"tatsu-section-background-wrap\"><div class = \"tatsu-section-background\" ><\/div><\/div><style>.tatsu-i9jzdy2uct74z7nt.tatsu-section{background-color: rgba(49,49,49,1);}.tatsu-i9jzdy2uct74z7nt .tatsu-section-pad{padding: 90px 0px 89px 0px;}.tatsu-i9jzdy2uct74z7nt > .tatsu-bottom-divider{z-index: 9999;}.tatsu-i9jzdy2uct74z7nt > .tatsu-top-divider{z-index: 9999;}<\/style><\/div><div  class=\"tatsu-i9jzeg3nug6gf181 tatsu-section  tatsu-bg-overlay   tatsu-clearfix\" data-title=\"\"  data-headerscheme=\"background--dark\"><div class='tatsu-section-pad clearfix' data-padding='{\"d\":\"90px 0px 90px 0px\"}' data-padding-top='90px'><div class=\"tatsu-row-wrap  tatsu-wrap tatsu-row-one-col tatsu-row-has-one-cols tatsu-medium-gutter tatsu-reg-cols  tatsu-clearfix tatsu-i9jzeg3nvobkezgg\" ><div  class=\"tatsu-row \" ><div  class=\"tatsu-column  tatsu-bg-overlay tatsu-one-col tatsu-column-image-none tatsu-column-effect-none  tatsu-i9jzeg3nxbdqyzpd\"  data-parallax-speed=\"0\" style=\"\"><div class=\"tatsu-column-inner \" ><div class=\"tatsu-column-pad-wrap\"><div class=\"tatsu-column-pad\" ><div  class=\"tatsu-single-image tatsu-module tatsu-image-lazyload tatsu-i9jzeg3ocsexx9n5  \" ><div class=\"tatsu-single-image-inner \" style=\"width : 2560px;\" ><div class = \"tatsu-single-image-padding-wrap\" style = \"padding-bottom : 66.640625%;\" ><\/div><img class = \"tatsu-gradient-border\" alt = \"\" title = \"LQP WEB 01\" data-src = \"https:\/\/santairenewines.com\/wp-content\/uploads\/2026\/01\/LQP-WEB-01-scaled.png\" src =\"data:image\/png;base64,iVBORw0KGgoAAAANSUhEUgAAAAEAAAABCAQAAAC1HAwCAAAAC0lEQVR42mNkYAAAAAYAAjCB0C8AAAAASUVORK5CYII=\"  \/><\/div><style>.tatsu-i9jzeg3ocsexx9n5 .tatsu-single-image-inner{border-style: solid;max-width: 100%;}.tatsu-i9jzeg3ocsexx9n5.tatsu-single-image{transform: translate3d(0px,0px, 0);}<\/style><\/div><\/div><\/div><div class = \"tatsu-column-bg-image-wrap\"><div class = \"tatsu-column-bg-image\" ><\/div><\/div><div class=\"tatsu-overlay tatsu-column-overlay tatsu-animate-none\" ><\/div><\/div><style>.tatsu-row > .tatsu-i9jzeg3nxbdqyzpd.tatsu-column{width: 100%;}.tatsu-i9jzeg3nxbdqyzpd.tatsu-column > .tatsu-column-inner > .tatsu-column-overlay{mix-blend-mode: normal;}.tatsu-i9jzeg3nxbdqyzpd > .tatsu-column-inner > .tatsu-top-divider{z-index: 9999;}.tatsu-i9jzeg3nxbdqyzpd > .tatsu-column-inner > .tatsu-bottom-divider{z-index: 9999;}.tatsu-i9jzeg3nxbdqyzpd > .tatsu-column-inner > .tatsu-left-divider{z-index: 9999;}.tatsu-i9jzeg3nxbdqyzpd > .tatsu-column-inner > .tatsu-right-divider{z-index: 9999;}@media only screen and (max-width:1377px) {.tatsu-row > .tatsu-i9jzeg3nxbdqyzpd.tatsu-column{width: 100%;}}@media only screen and (min-width:768px) and (max-width: 1024px) {.tatsu-row > .tatsu-i9jzeg3nxbdqyzpd.tatsu-column{width: 100%;}}@media only screen and (max-width: 767px) {.tatsu-row > .tatsu-i9jzeg3nxbdqyzpd.tatsu-column{width: 100%;}}<\/style><\/div><\/div><\/div><\/div><div class=\"tatsu-section-background-wrap\"><div class = \"tatsu-section-background\" ><\/div><\/div><div class=\"tatsu-overlay tatsu-section-overlay\"><\/div><style>.tatsu-i9jzeg3nug6gf181 .tatsu-section-pad{padding: 90px 0px 90px 0px;}.tatsu-i9jzeg3nug6gf181 .tatsu-section-offset-wrap{transform: translateY(-0px);}.tatsu-i9jzeg3nug6gf181 > .tatsu-bottom-divider{z-index: 9999;}.tatsu-i9jzeg3nug6gf181 > .tatsu-top-divider{z-index: 9999;}.tatsu-i9jzeg3nug6gf181 .tatsu-section-overlay{mix-blend-mode: normal;}<\/style><\/div>\n","protected":false},"excerpt":{"rendered":"<p><a href=\"https:\/\/santairenewines.com\/index.php\/ladro-q-perra\/\" class=\"more-link style2-button\">Read More<\/a><\/p>","protected":false},"author":1,"featured_media":0,"parent":0,"menu_order":0,"comment_status":"closed","ping_status":"closed","template":"","meta":{"_acf_changed":false,"footnotes":""},"class_list":["post-3043","page","type-page","status-publish","hentry"],"acf":[],"_links":{"self":[{"href":"https:\/\/santairenewines.com\/index.php\/wp-json\/wp\/v2\/pages\/3043","targetHints":{"allow":["GET"]}}],"collection":[{"href":"https:\/\/santairenewines.com\/index.php\/wp-json\/wp\/v2\/pages"}],"about":[{"href":"https:\/\/santairenewines.com\/index.php\/wp-json\/wp\/v2\/types\/page"}],"author":[{"embeddable":true,"href":"https:\/\/santairenewines.com\/index.php\/wp-json\/wp\/v2\/users\/1"}],"replies":[{"embeddable":true,"href":"https:\/\/santairenewines.com\/index.php\/wp-json\/wp\/v2\/comments?post=3043"}],"version-history":[{"count":4,"href":"https:\/\/santairenewines.com\/index.php\/wp-json\/wp\/v2\/pages\/3043\/revisions"}],"predecessor-version":[{"id":3158,"href":"https:\/\/santairenewines.com\/index.php\/wp-json\/wp\/v2\/pages\/3043\/revisions\/3158"}],"wp:attachment":[{"href":"https:\/\/santairenewines.com\/index.php\/wp-json\/wp\/v2\/media?parent=3043"}],"curies":[{"name":"wp","href":"https:\/\/api.w.org\/{rel}","templated":true}]}}